{"id":593,"date":"2021-04-07T21:07:08","date_gmt":"2021-04-07T19:07:08","guid":{"rendered":"http:\/\/marktravel.pl\/?post_type=product&#038;p=593"},"modified":"2026-03-23T13:04:29","modified_gmt":"2026-03-23T12:04:29","slug":"miasta-z-dusza","status":"publish","type":"product","link":"https:\/\/marktravel.pl\/index.php\/produkt\/miasta-z-dusza\/","title":{"rendered":"MIASTA Z DUSZ\u0104"},"content":{"rendered":"<p><strong>1 dzie\u0144:<\/strong><\/p>\n<ul>\n<li>wyjazd ok. godz. 7:00<\/li>\n<li>Sandomierz &#8211; Ko\u015bci\u00f3\u0142 Katedralny XIV w., Ko\u015bci\u00f3\u0142 \u015bw. Jakuba, Brama Opatowska oraz inne zabytki sandomierskiej star\u00f3wki<\/li>\n<li>&#8221;\u015awiat Ojca Mateusza&#8221;- wystawa<\/li>\n<li>zbrojownia rycerska<\/li>\n<li>przejazd do Kazimierza Dolnego &#8211; wyj\u015bcie na G\u00f3r\u0119 Trzech Krzy\u017cy, spacer po mie\u015bcie &#8211; rynek, ko\u015bci\u00f3\u0142<\/li>\n<li>obiadokolacja, zakwaterowanie i nocleg<\/li>\n<\/ul>\n<p><strong>2 dzie\u0144:<br \/>\n<\/strong><\/p>\n<ul>\n<li>\u015bniadanie<\/li>\n<li>spacer po Parku Zdrojowym w Na\u0142\u0119czowie<\/li>\n<li>przejazd do Lublina, zwiedzanie Kaplicy \u015bw. Tr\u00f3jcy, spacer po Starym Mie\u015bcie &#8211; Brama Grodzka, Plac po Farze, Bazylika o. Dominikan\u00f3w, Rynek, Wie\u017ca Trynitarska, Archikatedra, Brama Krakowska<\/li>\n<li>powr\u00f3t do domu w godzinach wieczornych<\/li>\n<\/ul>\n","protected":false},"excerpt":{"rendered":"<p><strong>Wycieczka dwudniowa<\/strong><\/p>\n<p>Przy 45 osobach p\u0142atnych 3 osoby z opieki gratis.<\/p>\n<p><strong>Cena wycieczki obejmuje:\u00a0<\/strong>przejazd autokarem, op\u0142aty drogowe i parkingowe, bilety wst\u0119pu, nocleg i wy\u017cywienie wg programu, pilota, przewodnika.<\/p>\n","protected":false},"featured_media":1332,"template":"","meta":[],"class_list":["post-593","product","type-product","status-publish","has-post-thumbnail","hentry","product_cat-kilkudniowe"],"yoast_head":"<!-- This site is optimized with the Yoast SEO plugin v16.2 - https:\/\/yoast.com\/wordpress\/plugins\/seo\/ -->\n<title>MIASTA Z DUSZ\u0104 - MARK-TRAVEL<\/title>\n<meta name=\"robots\" content=\"index, follow, max-snippet:-1, max-image-preview:large, max-video-preview:-1\" \/>\n<link rel=\"canonical\" href=\"https:\/\/marktravel.pl\/index.php\/produkt\/miasta-z-dusza\/\" \/>\n<meta property=\"og:locale\" content=\"pl_PL\" \/>\n<meta property=\"og:type\" content=\"article\" \/>\n<meta property=\"og:title\" content=\"MIASTA Z DUSZ\u0104 - MARK-TRAVEL\" \/>\n<meta property=\"og:description\" content=\"Wycieczka dwudniowa  Przy 45 osobach p\u0142atnych 3 osoby z opieki gratis.  Cena wycieczki obejmuje:\u00a0przejazd autokarem, op\u0142aty drogowe i parkingowe, bilety wst\u0119pu, nocleg i wy\u017cywienie wg programu, pilota, przewodnika.\" \/>\n<meta property=\"og:url\" content=\"https:\/\/marktravel.pl\/index.php\/produkt\/miasta-z-dusza\/\" \/>\n<meta property=\"og:site_name\" content=\"MARK-TRAVEL\" \/>\n<meta property=\"article:publisher\" content=\"https:\/\/www.facebook.com\/Mark-Travel-272663992791851\/\" \/>\n<meta property=\"article:modified_time\" content=\"2026-03-23T12:04:29+00:00\" \/>\n<meta property=\"og:image\" content=\"https:\/\/marktravel.pl\/wp-content\/uploads\/2021\/04\/najlepsza-najgorsza-dzielnica-lublina.jpg\" \/>\n\t<meta property=\"og:image:width\" content=\"1280\" \/>\n\t<meta property=\"og:image:height\" content=\"853\" \/>\n<meta name=\"twitter:card\" content=\"summary_large_image\" \/>\n<meta name=\"twitter:label1\" content=\"Szacowany czas czytania\">\n\t<meta name=\"twitter:data1\" content=\"1 minuta\">\n<script type=\"application\/ld+json\" class=\"yoast-schema-graph\">{\"@context\":\"https:\/\/schema.org\",\"@graph\":[{\"@type\":\"Organization\",\"@id\":\"https:\/\/marktravel.pl\/#organization\",\"name\":\"Mark Travel\",\"url\":\"https:\/\/marktravel.pl\/\",\"sameAs\":[\"https:\/\/www.facebook.com\/Mark-Travel-272663992791851\/\"],\"logo\":{\"@type\":\"ImageObject\",\"@id\":\"https:\/\/marktravel.pl\/#logo\",\"inLanguage\":\"pl-PL\",\"url\":\"http:\/\/marktravel.pl\/wp-content\/uploads\/2021\/04\/logo.jpg\",\"contentUrl\":\"http:\/\/marktravel.pl\/wp-content\/uploads\/2021\/04\/logo.jpg\",\"width\":274,\"height\":121,\"caption\":\"Mark Travel\"},\"image\":{\"@id\":\"https:\/\/marktravel.pl\/#logo\"}},{\"@type\":\"WebSite\",\"@id\":\"https:\/\/marktravel.pl\/#website\",\"url\":\"https:\/\/marktravel.pl\/\",\"name\":\"MARK-TRAVEL\",\"description\":\"Organizacja wycieczek szkolnych i indywidualnych\",\"publisher\":{\"@id\":\"https:\/\/marktravel.pl\/#organization\"},\"potentialAction\":[{\"@type\":\"SearchAction\",\"target\":\"https:\/\/marktravel.pl\/?s={search_term_string}\",\"query-input\":\"required name=search_term_string\"}],\"inLanguage\":\"pl-PL\"},{\"@type\":\"ImageObject\",\"@id\":\"https:\/\/marktravel.pl\/index.php\/produkt\/miasta-z-dusza\/#primaryimage\",\"inLanguage\":\"pl-PL\",\"url\":\"https:\/\/marktravel.pl\/wp-content\/uploads\/2021\/04\/najlepsza-najgorsza-dzielnica-lublina.jpg\",\"contentUrl\":\"https:\/\/marktravel.pl\/wp-content\/uploads\/2021\/04\/najlepsza-najgorsza-dzielnica-lublina.jpg\",\"width\":1280,\"height\":853},{\"@type\":\"WebPage\",\"@id\":\"https:\/\/marktravel.pl\/index.php\/produkt\/miasta-z-dusza\/#webpage\",\"url\":\"https:\/\/marktravel.pl\/index.php\/produkt\/miasta-z-dusza\/\",\"name\":\"MIASTA Z DUSZ\\u0104 - MARK-TRAVEL\",\"isPartOf\":{\"@id\":\"https:\/\/marktravel.pl\/#website\"},\"primaryImageOfPage\":{\"@id\":\"https:\/\/marktravel.pl\/index.php\/produkt\/miasta-z-dusza\/#primaryimage\"},\"datePublished\":\"2021-04-07T19:07:08+00:00\",\"dateModified\":\"2026-03-23T12:04:29+00:00\",\"breadcrumb\":{\"@id\":\"https:\/\/marktravel.pl\/index.php\/produkt\/miasta-z-dusza\/#breadcrumb\"},\"inLanguage\":\"pl-PL\",\"potentialAction\":[{\"@type\":\"ReadAction\",\"target\":[\"https:\/\/marktravel.pl\/index.php\/produkt\/miasta-z-dusza\/\"]}]},{\"@type\":\"BreadcrumbList\",\"@id\":\"https:\/\/marktravel.pl\/index.php\/produkt\/miasta-z-dusza\/#breadcrumb\",\"itemListElement\":[{\"@type\":\"ListItem\",\"position\":1,\"item\":{\"@type\":\"WebPage\",\"@id\":\"https:\/\/marktravel.pl\/\",\"url\":\"https:\/\/marktravel.pl\/\",\"name\":\"Strona g\\u0142\\u00f3wna\"}},{\"@type\":\"ListItem\",\"position\":2,\"item\":{\"@type\":\"WebPage\",\"@id\":\"https:\/\/marktravel.pl\/index.php\/sklep\/\",\"url\":\"https:\/\/marktravel.pl\/index.php\/sklep\/\",\"name\":\"Sklep\"}},{\"@type\":\"ListItem\",\"position\":3,\"item\":{\"@id\":\"https:\/\/marktravel.pl\/index.php\/produkt\/miasta-z-dusza\/#webpage\"}}]}]}<\/script>\n<!-- \/ Yoast SEO plugin. -->","_links":{"self":[{"href":"https:\/\/marktravel.pl\/index.php\/wp-json\/wp\/v2\/product\/593","targetHints":{"allow":["GET"]}}],"collection":[{"href":"https:\/\/marktravel.pl\/index.php\/wp-json\/wp\/v2\/product"}],"about":[{"href":"https:\/\/marktravel.pl\/index.php\/wp-json\/wp\/v2\/types\/product"}],"wp:featuredmedia":[{"embeddable":true,"href":"https:\/\/marktravel.pl\/index.php\/wp-json\/wp\/v2\/media\/1332"}],"wp:attachment":[{"href":"https:\/\/marktravel.pl\/index.php\/wp-json\/wp\/v2\/media?parent=593"}],"curies":[{"name":"wp","href":"https:\/\/api.w.org\/{rel}","templated":true}]}}