{"id":536,"date":"2021-04-07T00:58:47","date_gmt":"2021-04-06T22:58:47","guid":{"rendered":"http:\/\/marktravel.pl\/?post_type=product&#038;p=536"},"modified":"2026-03-23T13:12:15","modified_gmt":"2026-03-23T12:12:15","slug":"roztocze-zamosc","status":"publish","type":"product","link":"https:\/\/marktravel.pl\/index.php\/produkt\/roztocze-zamosc\/","title":{"rendered":"ROZTOCZE &#8211; ZAMO\u015a\u0106"},"content":{"rendered":"<p><strong>1 dzie\u0144:<\/strong><\/p>\n<div>\n<ul>\n<li>wyjazd ok. godz. 5:30<\/li>\n<li>Susiec &#8211; szumy na Tanwi<\/li>\n<li>G\u00f3recko Ko\u015bcielne: rezerwat na rzece Szum, modrzewiowy ko\u015bci\u00f3\u0142 \u015bw. Stanis\u0142awa, Aleja Pomnikowych D\u0119b\u00f3w<\/li>\n<li>Zwierzyniec: Stawy Echo, platforma widokowa, pla\u017ca, Ko\u015bci\u00f3\u0142ek na Wodzie, Pomnik Szara\u0144czy<\/li>\n<li>zwiedzanie Krasnobrodu: Kaplica na Wodzie, ko\u015bci\u00f3\u0142 pw. Nawiedzenia NMP, Krasnobrodzkie Muzeum Parafialne<\/li>\n<li>obiadokolacja, zakwaterowanie i nocleg<\/li>\n<\/ul>\n<\/div>\n<div><strong>2 dzie\u0144:<\/strong><\/div>\n<div>\n<ul>\n<li>\u015bniadanie i wykwaterowanie<\/li>\n<li>zwiedzanie Zamo\u015bcia: Nowa Brama Lubelska, Stara Brama Lubelska, Pa\u0142ac Zamoyskich, Pomnik Jana Zamoyskiego, Katedra, Akademia Zamoyska, Brama Szczebrzeska, zewn\u0119trzne mury miasta, ratusz, rotunda, Rynek Wodny, ko\u015bci\u00f3\u0142 \u015bw. Miko\u0142aja, podw\u00f3rka Zamoyskie, Rynek Wielki<\/li>\n<li>Be\u0142\u017cec &#8211; Muzeum i Miejsce Pami\u0119ci<\/li>\n<li>powr\u00f3t do domu w godzinach nocnych<\/li>\n<\/ul>\n<\/div>\n","protected":false},"excerpt":{"rendered":"<p><strong>Wycieczka dwudniowa<\/strong><\/p>\n<p>Przy 45 osobach p\u0142atnych 3 osoby z opieki gratis.<\/p>\n<p><strong>Cena wycieczki obejmuje:\u00a0<\/strong>przejazd autokarem, parkingi, bilety wst\u0119pu, nocleg i wy\u017cywienie wg programu, pilota, przewodnika.<\/p>\n<p>W przypadku mniejszej liczby uczestnik\u00f3w cena mo\u017ce ulec zmianie.<\/p>\n<p>&nbsp;<\/p>\n","protected":false},"featured_media":1403,"template":"","meta":[],"class_list":["post-536","product","type-product","status-publish","has-post-thumbnail","hentry","product_cat-kilkudniowe"],"yoast_head":"<!-- This site is optimized with the Yoast SEO plugin v16.2 - https:\/\/yoast.com\/wordpress\/plugins\/seo\/ -->\n<title>ROZTOCZE - ZAMO\u015a\u0106 - MARK-TRAVEL<\/title>\n<meta name=\"robots\" content=\"index, follow, max-snippet:-1, max-image-preview:large, max-video-preview:-1\" \/>\n<link rel=\"canonical\" href=\"https:\/\/marktravel.pl\/index.php\/produkt\/roztocze-zamosc\/\" \/>\n<meta property=\"og:locale\" content=\"pl_PL\" \/>\n<meta property=\"og:type\" content=\"article\" \/>\n<meta property=\"og:title\" content=\"ROZTOCZE - ZAMO\u015a\u0106 - MARK-TRAVEL\" \/>\n<meta property=\"og:description\" content=\"Wycieczka dwudniowa  Przy 45 osobach p\u0142atnych 3 osoby z opieki gratis.  Cena wycieczki obejmuje:\u00a0przejazd autokarem, parkingi, bilety wst\u0119pu, nocleg i wy\u017cywienie wg programu, pilota, przewodnika.  W przypadku mniejszej liczby uczestnik\u00f3w cena mo\u017ce ulec zmianie.  &nbsp;\" \/>\n<meta property=\"og:url\" content=\"https:\/\/marktravel.pl\/index.php\/produkt\/roztocze-zamosc\/\" \/>\n<meta property=\"og:site_name\" content=\"MARK-TRAVEL\" \/>\n<meta property=\"article:publisher\" content=\"https:\/\/www.facebook.com\/Mark-Travel-272663992791851\/\" \/>\n<meta property=\"article:modified_time\" content=\"2026-03-23T12:12:15+00:00\" \/>\n<meta property=\"og:image\" content=\"https:\/\/marktravel.pl\/wp-content\/uploads\/2021\/04\/zamosc-261-1024x681-1-e1706612702948.jpg\" \/>\n\t<meta property=\"og:image:width\" content=\"737\" \/>\n\t<meta property=\"og:image:height\" content=\"677\" \/>\n<meta name=\"twitter:card\" content=\"summary_large_image\" \/>\n<meta name=\"twitter:label1\" content=\"Szacowany czas czytania\">\n\t<meta name=\"twitter:data1\" content=\"1 minuta\">\n<script type=\"application\/ld+json\" class=\"yoast-schema-graph\">{\"@context\":\"https:\/\/schema.org\",\"@graph\":[{\"@type\":\"Organization\",\"@id\":\"https:\/\/marktravel.pl\/#organization\",\"name\":\"Mark Travel\",\"url\":\"https:\/\/marktravel.pl\/\",\"sameAs\":[\"https:\/\/www.facebook.com\/Mark-Travel-272663992791851\/\"],\"logo\":{\"@type\":\"ImageObject\",\"@id\":\"https:\/\/marktravel.pl\/#logo\",\"inLanguage\":\"pl-PL\",\"url\":\"http:\/\/marktravel.pl\/wp-content\/uploads\/2021\/04\/logo.jpg\",\"contentUrl\":\"http:\/\/marktravel.pl\/wp-content\/uploads\/2021\/04\/logo.jpg\",\"width\":274,\"height\":121,\"caption\":\"Mark Travel\"},\"image\":{\"@id\":\"https:\/\/marktravel.pl\/#logo\"}},{\"@type\":\"WebSite\",\"@id\":\"https:\/\/marktravel.pl\/#website\",\"url\":\"https:\/\/marktravel.pl\/\",\"name\":\"MARK-TRAVEL\",\"description\":\"Organizacja wycieczek szkolnych i indywidualnych\",\"publisher\":{\"@id\":\"https:\/\/marktravel.pl\/#organization\"},\"potentialAction\":[{\"@type\":\"SearchAction\",\"target\":\"https:\/\/marktravel.pl\/?s={search_term_string}\",\"query-input\":\"required name=search_term_string\"}],\"inLanguage\":\"pl-PL\"},{\"@type\":\"ImageObject\",\"@id\":\"https:\/\/marktravel.pl\/index.php\/produkt\/roztocze-zamosc\/#primaryimage\",\"inLanguage\":\"pl-PL\",\"url\":\"https:\/\/marktravel.pl\/wp-content\/uploads\/2021\/04\/zamosc-261-1024x681-1-e1706612702948.jpg\",\"contentUrl\":\"https:\/\/marktravel.pl\/wp-content\/uploads\/2021\/04\/zamosc-261-1024x681-1-e1706612702948.jpg\",\"width\":737,\"height\":677},{\"@type\":\"WebPage\",\"@id\":\"https:\/\/marktravel.pl\/index.php\/produkt\/roztocze-zamosc\/#webpage\",\"url\":\"https:\/\/marktravel.pl\/index.php\/produkt\/roztocze-zamosc\/\",\"name\":\"ROZTOCZE - ZAMO\\u015a\\u0106 - MARK-TRAVEL\",\"isPartOf\":{\"@id\":\"https:\/\/marktravel.pl\/#website\"},\"primaryImageOfPage\":{\"@id\":\"https:\/\/marktravel.pl\/index.php\/produkt\/roztocze-zamosc\/#primaryimage\"},\"datePublished\":\"2021-04-06T22:58:47+00:00\",\"dateModified\":\"2026-03-23T12:12:15+00:00\",\"breadcrumb\":{\"@id\":\"https:\/\/marktravel.pl\/index.php\/produkt\/roztocze-zamosc\/#breadcrumb\"},\"inLanguage\":\"pl-PL\",\"potentialAction\":[{\"@type\":\"ReadAction\",\"target\":[\"https:\/\/marktravel.pl\/index.php\/produkt\/roztocze-zamosc\/\"]}]},{\"@type\":\"BreadcrumbList\",\"@id\":\"https:\/\/marktravel.pl\/index.php\/produkt\/roztocze-zamosc\/#breadcrumb\",\"itemListElement\":[{\"@type\":\"ListItem\",\"position\":1,\"item\":{\"@type\":\"WebPage\",\"@id\":\"https:\/\/marktravel.pl\/\",\"url\":\"https:\/\/marktravel.pl\/\",\"name\":\"Strona g\\u0142\\u00f3wna\"}},{\"@type\":\"ListItem\",\"position\":2,\"item\":{\"@type\":\"WebPage\",\"@id\":\"https:\/\/marktravel.pl\/index.php\/sklep\/\",\"url\":\"https:\/\/marktravel.pl\/index.php\/sklep\/\",\"name\":\"Sklep\"}},{\"@type\":\"ListItem\",\"position\":3,\"item\":{\"@id\":\"https:\/\/marktravel.pl\/index.php\/produkt\/roztocze-zamosc\/#webpage\"}}]}]}<\/script>\n<!-- \/ Yoast SEO plugin. -->","_links":{"self":[{"href":"https:\/\/marktravel.pl\/index.php\/wp-json\/wp\/v2\/product\/536","targetHints":{"allow":["GET"]}}],"collection":[{"href":"https:\/\/marktravel.pl\/index.php\/wp-json\/wp\/v2\/product"}],"about":[{"href":"https:\/\/marktravel.pl\/index.php\/wp-json\/wp\/v2\/types\/product"}],"wp:featuredmedia":[{"embeddable":true,"href":"https:\/\/marktravel.pl\/index.php\/wp-json\/wp\/v2\/media\/1403"}],"wp:attachment":[{"href":"https:\/\/marktravel.pl\/index.php\/wp-json\/wp\/v2\/media?parent=536"}],"curies":[{"name":"wp","href":"https:\/\/api.w.org\/{rel}","templated":true}]}}