{"id":523,"date":"2021-04-07T00:58:46","date_gmt":"2021-04-06T22:58:46","guid":{"rendered":"http:\/\/marktravel.pl\/?post_type=product&#038;p=523"},"modified":"2026-03-23T13:52:52","modified_gmt":"2026-03-23T12:52:52","slug":"budapeszt-tokaj","status":"publish","type":"product","link":"https:\/\/marktravel.pl\/index.php\/produkt\/budapeszt-tokaj\/","title":{"rendered":"BUDAPESZT + TOKAJ"},"content":{"rendered":"<p><strong>1 dzie\u0144:<\/strong><\/p>\n<ul>\n<li>wyjazd ok. godz. 3:00<\/li>\n<li>przyjazd do Budapesztu, zwiedzanie: Park Miejski, Kompleks Zamkowy Vajdahunjad, baseny Szechenyiego<\/li>\n<li>przejazd Alej\u0105 Andrassego, Muzeum Terroru, Opera<\/li>\n<li>Bazylika \u015bw. Stefana, Parlament<\/li>\n<li>Hala Targowa, ul. Vaci, czas wolny<\/li>\n<li>zakwaterowanie, obiadokolacja<\/li>\n<li>wieczorny rejs po Dunaju<\/li>\n<li>nocleg<\/li>\n<\/ul>\n<p><strong>2 dzie\u0144:<\/strong><\/p>\n<ul>\n<li style=\"font-weight: 400;\" aria-level=\"1\"><span style=\"font-weight: 400;\">\u015bniadanie i wykwaterowanie\u00a0<\/span><\/li>\n<li style=\"font-weight: 400;\" aria-level=\"1\"><span style=\"font-weight: 400;\">c.d. zwiedzania Budapesztu : Wzg\u00f3rze Zamkowe, Star\u00f3wka, Fontanna Macieja, Baszty \u00a0 Rybackie, Ko\u015bci\u00f3\u0142 Macieja<\/span><\/li>\n<li style=\"font-weight: 400;\" aria-level=\"1\"><span style=\"font-weight: 400;\">przejazd do Tokaju, spacer po mie\u015bcie s\u0142yn\u0105cym z produkcji bia\u0142ych win, w tym najs\u0142ynniejszego Tokaj Aszu, degustacja pi\u0119ciu rodzaj\u00f3w win w nastrojowej piwnicy z mo\u017cliwo\u015bci\u0105 zakupu, gulasz<\/span><\/li>\n<li style=\"font-weight: 400;\" aria-level=\"1\"><span style=\"font-weight: 400;\">powr\u00f3t w godz. wieczornych<\/span><\/li>\n<\/ul>\n","protected":false},"excerpt":{"rendered":"<p><strong>Wycieczka dwudniowa<\/strong><\/p>\n<p>Przy 45 osobach p\u0142atnych.<\/p>\n<p><strong>Cena wycieczki obejmuje:<\/strong><\/p>\n<p>przejazd autokarem, op\u0142aty parkingowe i drogowe, bilety wst\u0119pu, nocleg i wy\u017cywienie wg programu, pilota\/przewodnika, ubezpieczenie KL i NNW, fundusz turystyczny.<\/p>\n<p>W przypadku mniejszej ilo\u015bci os\u00f3b cena mo\u017ce ulec zmianie.<\/p>\n<p>&nbsp;<\/p>\n","protected":false},"featured_media":1445,"template":"","meta":[],"class_list":["post-523","product","type-product","status-publish","has-post-thumbnail","hentry","product_cat-dorosli"],"yoast_head":"<!-- This site is optimized with the Yoast SEO plugin v16.2 - https:\/\/yoast.com\/wordpress\/plugins\/seo\/ -->\n<title>BUDAPESZT + TOKAJ - MARK-TRAVEL<\/title>\n<meta name=\"robots\" content=\"index, follow, max-snippet:-1, max-image-preview:large, max-video-preview:-1\" \/>\n<link rel=\"canonical\" href=\"https:\/\/marktravel.pl\/index.php\/produkt\/budapeszt-tokaj\/\" \/>\n<meta property=\"og:locale\" content=\"pl_PL\" \/>\n<meta property=\"og:type\" content=\"article\" \/>\n<meta property=\"og:title\" content=\"BUDAPESZT + TOKAJ - MARK-TRAVEL\" \/>\n<meta property=\"og:description\" content=\"Wycieczka dwudniowa  Przy 45 osobach p\u0142atnych.  Cena wycieczki obejmuje:  przejazd autokarem, op\u0142aty parkingowe i drogowe, bilety wst\u0119pu, nocleg i wy\u017cywienie wg programu, pilota\/przewodnika, ubezpieczenie KL i NNW, fundusz turystyczny.  W przypadku mniejszej ilo\u015bci os\u00f3b cena mo\u017ce ulec zmianie.  &nbsp;\" \/>\n<meta property=\"og:url\" content=\"https:\/\/marktravel.pl\/index.php\/produkt\/budapeszt-tokaj\/\" \/>\n<meta property=\"og:site_name\" content=\"MARK-TRAVEL\" \/>\n<meta property=\"article:publisher\" content=\"https:\/\/www.facebook.com\/Mark-Travel-272663992791851\/\" \/>\n<meta property=\"article:modified_time\" content=\"2026-03-23T12:52:52+00:00\" \/>\n<meta name=\"twitter:card\" content=\"summary_large_image\" \/>\n<meta name=\"twitter:image\" content=\"https:\/\/marktravel.pl\/wp-content\/uploads\/2021\/04\/Hercegkut.webp\" \/>\n<meta name=\"twitter:label1\" content=\"Szacowany czas czytania\">\n\t<meta name=\"twitter:data1\" content=\"1 minuta\">\n<script type=\"application\/ld+json\" class=\"yoast-schema-graph\">{\"@context\":\"https:\/\/schema.org\",\"@graph\":[{\"@type\":\"Organization\",\"@id\":\"https:\/\/marktravel.pl\/#organization\",\"name\":\"Mark Travel\",\"url\":\"https:\/\/marktravel.pl\/\",\"sameAs\":[\"https:\/\/www.facebook.com\/Mark-Travel-272663992791851\/\"],\"logo\":{\"@type\":\"ImageObject\",\"@id\":\"https:\/\/marktravel.pl\/#logo\",\"inLanguage\":\"pl-PL\",\"url\":\"http:\/\/marktravel.pl\/wp-content\/uploads\/2021\/04\/logo.jpg\",\"contentUrl\":\"http:\/\/marktravel.pl\/wp-content\/uploads\/2021\/04\/logo.jpg\",\"width\":274,\"height\":121,\"caption\":\"Mark Travel\"},\"image\":{\"@id\":\"https:\/\/marktravel.pl\/#logo\"}},{\"@type\":\"WebSite\",\"@id\":\"https:\/\/marktravel.pl\/#website\",\"url\":\"https:\/\/marktravel.pl\/\",\"name\":\"MARK-TRAVEL\",\"description\":\"Organizacja wycieczek szkolnych i indywidualnych\",\"publisher\":{\"@id\":\"https:\/\/marktravel.pl\/#organization\"},\"potentialAction\":[{\"@type\":\"SearchAction\",\"target\":\"https:\/\/marktravel.pl\/?s={search_term_string}\",\"query-input\":\"required name=search_term_string\"}],\"inLanguage\":\"pl-PL\"},{\"@type\":\"ImageObject\",\"@id\":\"https:\/\/marktravel.pl\/index.php\/produkt\/budapeszt-tokaj\/#primaryimage\",\"inLanguage\":\"pl-PL\",\"url\":\"https:\/\/marktravel.pl\/wp-content\/uploads\/2021\/04\/Hercegkut.webp\",\"contentUrl\":\"https:\/\/marktravel.pl\/wp-content\/uploads\/2021\/04\/Hercegkut.webp\",\"width\":1400,\"height\":932},{\"@type\":\"WebPage\",\"@id\":\"https:\/\/marktravel.pl\/index.php\/produkt\/budapeszt-tokaj\/#webpage\",\"url\":\"https:\/\/marktravel.pl\/index.php\/produkt\/budapeszt-tokaj\/\",\"name\":\"BUDAPESZT + TOKAJ - MARK-TRAVEL\",\"isPartOf\":{\"@id\":\"https:\/\/marktravel.pl\/#website\"},\"primaryImageOfPage\":{\"@id\":\"https:\/\/marktravel.pl\/index.php\/produkt\/budapeszt-tokaj\/#primaryimage\"},\"datePublished\":\"2021-04-06T22:58:46+00:00\",\"dateModified\":\"2026-03-23T12:52:52+00:00\",\"breadcrumb\":{\"@id\":\"https:\/\/marktravel.pl\/index.php\/produkt\/budapeszt-tokaj\/#breadcrumb\"},\"inLanguage\":\"pl-PL\",\"potentialAction\":[{\"@type\":\"ReadAction\",\"target\":[\"https:\/\/marktravel.pl\/index.php\/produkt\/budapeszt-tokaj\/\"]}]},{\"@type\":\"BreadcrumbList\",\"@id\":\"https:\/\/marktravel.pl\/index.php\/produkt\/budapeszt-tokaj\/#breadcrumb\",\"itemListElement\":[{\"@type\":\"ListItem\",\"position\":1,\"item\":{\"@type\":\"WebPage\",\"@id\":\"https:\/\/marktravel.pl\/\",\"url\":\"https:\/\/marktravel.pl\/\",\"name\":\"Strona g\\u0142\\u00f3wna\"}},{\"@type\":\"ListItem\",\"position\":2,\"item\":{\"@type\":\"WebPage\",\"@id\":\"https:\/\/marktravel.pl\/index.php\/sklep\/\",\"url\":\"https:\/\/marktravel.pl\/index.php\/sklep\/\",\"name\":\"Sklep\"}},{\"@type\":\"ListItem\",\"position\":3,\"item\":{\"@id\":\"https:\/\/marktravel.pl\/index.php\/produkt\/budapeszt-tokaj\/#webpage\"}}]}]}<\/script>\n<!-- \/ Yoast SEO plugin. -->","_links":{"self":[{"href":"https:\/\/marktravel.pl\/index.php\/wp-json\/wp\/v2\/product\/523","targetHints":{"allow":["GET"]}}],"collection":[{"href":"https:\/\/marktravel.pl\/index.php\/wp-json\/wp\/v2\/product"}],"about":[{"href":"https:\/\/marktravel.pl\/index.php\/wp-json\/wp\/v2\/types\/product"}],"wp:featuredmedia":[{"embeddable":true,"href":"https:\/\/marktravel.pl\/index.php\/wp-json\/wp\/v2\/media\/1445"}],"wp:attachment":[{"href":"https:\/\/marktravel.pl\/index.php\/wp-json\/wp\/v2\/media?parent=523"}],"curies":[{"name":"wp","href":"https:\/\/api.w.org\/{rel}","templated":true}]}}