{"id":521,"date":"2021-04-07T00:58:46","date_gmt":"2021-04-06T22:58:46","guid":{"rendered":"http:\/\/marktravel.pl\/?post_type=product&#038;p=521"},"modified":"2026-03-23T13:26:37","modified_gmt":"2026-03-23T12:26:37","slug":"wilno-troki-kowno","status":"publish","type":"product","link":"https:\/\/marktravel.pl\/index.php\/produkt\/wilno-troki-kowno\/","title":{"rendered":"WILNO &#8211; TROKI &#8211; KOWNO"},"content":{"rendered":"<p><strong>1 dzie\u0144:<\/strong><\/p>\n<ul>\n<li>wyjazd ok. godz. 19.00 i nocny przejazd przez Polsk\u0119<\/li>\n<\/ul>\n<p><b>2 dzie\u0144<\/b><\/p>\n<ul>\n<li style=\"font-weight: 400;\" aria-level=\"1\"><span style=\"font-weight: 400;\">zwiedzanie Wilna: spacer po star\u00f3wce, Ostra Brama (kaplica Matki Boskiej Ostrobramskiej), cerkiew \u015bw. Ducha, rokokowa brama bazylian\u00f3w i klasztor, w kt\u00f3rym wi\u0119ziono filomat\u00f3w, ratusz, dawna dzielnica \u017cydowska \u2013 spacer urokliwymi zau\u0142kami wile\u0144skimi (miejsca zwi\u0105zane z A. Mickiewiczem, J. S\u0142owackim, J.I. Kraszewskim, S. Moniuszk\u0105, Cz. Mi\u0142oszem), Sanktuarium Bo\u017cego Mi\u0142osierdzia, Uniwersytet Wile\u0144ski, Alumnat i inne czaruj\u0105ce podw\u00f3rka, katedra \u015bw. Stanis\u0142awa (nekropolia kr\u00f3l\u00f3w polskich), zarzecze ze s\u0142ynnymi mostkami na Wilence \u2013 zak\u0105tek gotycki, Ko\u015bci\u00f3\u0142 \u015bw. Piotra i Paw\u0142a, \u015anipiszki &#8211; wile\u0144ski Manhattan, panorama miasta ze Wzg\u00f3rza Trzech Krzy\u017cy<\/span><\/li>\n<\/ul>\n<p><b>3 dzie\u0144<\/b><\/p>\n<ul>\n<li style=\"font-weight: 400;\" aria-level=\"1\"><span style=\"font-weight: 400;\">\u015bniadanie<\/span><\/li>\n<li style=\"font-weight: 400;\" aria-level=\"1\"><span style=\"font-weight: 400;\">Cmentarz na Rossie<\/span><\/li>\n<li style=\"font-weight: 400;\" aria-level=\"1\"><span style=\"font-weight: 400;\">przejazd do Trok &#8211; zamek gotycki na wyspie (rezydencja ksi\u0119cia Witolda i kr\u00f3l\u00f3w polskich z zewn\u0105trz)<\/span><\/li>\n<li style=\"font-weight: 400;\" aria-level=\"1\"><span style=\"font-weight: 400;\">\u00a0zapoznanie si\u0119 z histori\u0105 i \u017cyciem Karaim\u00f3w (domy karaimskie, kienessa, degustacja pierog\u00f3w karaimskich &#8211; kibin\u00f3w), kapliczka Jana Nepomucena, Pa\u0142ac Tyszkiewicz\u00f3w w Zatroczu (z zewn\u0105trz), rejs statkiem po jeziorze Galve<\/span><\/li>\n<li style=\"font-weight: 400;\" aria-level=\"1\"><span style=\"font-weight: 400;\">\u00a0powr\u00f3t do Wilna i panorama miasta z lotu ptaka: wie\u017ca TV, wjazd na platform\u0119 widokow\u0105 (170m), czas wolny<\/span><\/li>\n<\/ul>\n<p><b>4 dzie\u0144<\/b><\/p>\n<ul>\n<li style=\"font-weight: 400;\" aria-level=\"1\"><span style=\"font-weight: 400;\">\u00a0\u015bniadanie i wykwaterowanie<\/span><\/li>\n<li style=\"font-weight: 400;\" aria-level=\"1\"><span style=\"font-weight: 400;\">\u00a0przyjazd do Kowna, malowniczo roz\u0142o\u017conego w wid\u0142ach Niemna i Wilii: ruiny zamku, gotycki ko\u015bci\u00f3\u0142 \u015bw. Jerzego, plac Ratuszowy (najwi\u0119kszy na Litwie), miejsca zwi\u0105zane z pobytem A. Mickiewicza w Kownie, Dom Perkunasa, spacer nad Niemnem, ko\u015bci\u00f3\u0142 Witolda, katedra \u015bw. Piotra i Paw\u0142a, spacer ul. Wile\u0144sk\u0105, s\u0142ynna Aleja Wolno\u015bci, budynki w stylu art deco (wpisane na list\u0119 UNESCO) \u2013 panorama miasta ze Wzg\u00f3rza Aleksotas<\/span><\/li>\n<li style=\"font-weight: 400;\" aria-level=\"1\"><span style=\"font-weight: 400;\">czas wolny i wyjazd w drog\u0119 powrotn\u0105<\/span><\/li>\n<\/ul>\n<p><b>5 dzie\u0144<\/b><\/p>\n<ul>\n<li><span style=\"font-weight: 400;\">\u00a0powr\u00f3t w godz. popo\u0142udniowych<\/span><\/li>\n<\/ul>\n","protected":false},"excerpt":{"rendered":"<p><strong>Wycieczka pi\u0119ciodniowa<\/strong><\/p>\n<p>Przy 45 osobach p\u0142atnych.<\/p>\n<p><strong>Cena wycieczki obejmuje:<\/strong> przejazd autokarem, op\u0142aty parkingowe i drogowe, bilety wst\u0119pu, 2 noclegi, wy\u017cywienie wg programu (3 obiadokolacje, 2 \u015bniadania), opiek\u0119 pilota i program turystyczny z przewodnikiem, ubezpieczenie KL i NNW.<\/p>\n<p>Cena wycieczki mo\u017ce ulec zmianie, gdy\u017c jest uzale\u017cniona od aktualnego kursu euro.<\/p>\n<p>&nbsp;<\/p>\n","protected":false},"featured_media":1443,"template":"","meta":[],"class_list":["post-521","product","type-product","status-publish","has-post-thumbnail","hentry","product_cat-dorosli"],"yoast_head":"<!-- This site is optimized with the Yoast SEO plugin v16.2 - https:\/\/yoast.com\/wordpress\/plugins\/seo\/ -->\n<title>WILNO - TROKI - KOWNO - MARK-TRAVEL<\/title>\n<meta name=\"robots\" content=\"index, follow, max-snippet:-1, max-image-preview:large, max-video-preview:-1\" \/>\n<link rel=\"canonical\" href=\"https:\/\/marktravel.pl\/index.php\/produkt\/wilno-troki-kowno\/\" \/>\n<meta property=\"og:locale\" content=\"pl_PL\" \/>\n<meta property=\"og:type\" content=\"article\" \/>\n<meta property=\"og:title\" content=\"WILNO - TROKI - KOWNO - MARK-TRAVEL\" \/>\n<meta property=\"og:description\" content=\"Wycieczka pi\u0119ciodniowa  Przy 45 osobach p\u0142atnych.  Cena wycieczki obejmuje: przejazd autokarem, op\u0142aty parkingowe i drogowe, bilety wst\u0119pu, 2 noclegi, wy\u017cywienie wg programu (3 obiadokolacje, 2 \u015bniadania), opiek\u0119 pilota i program turystyczny z przewodnikiem, ubezpieczenie KL i NNW.  Cena wycieczki mo\u017ce ulec zmianie, gdy\u017c jest uzale\u017cniona od aktualnego kursu euro.  &nbsp;\" \/>\n<meta property=\"og:url\" content=\"https:\/\/marktravel.pl\/index.php\/produkt\/wilno-troki-kowno\/\" \/>\n<meta property=\"og:site_name\" content=\"MARK-TRAVEL\" \/>\n<meta property=\"article:publisher\" content=\"https:\/\/www.facebook.com\/Mark-Travel-272663992791851\/\" \/>\n<meta property=\"article:modified_time\" content=\"2026-03-23T12:26:37+00:00\" \/>\n<meta property=\"og:image\" content=\"https:\/\/marktravel.pl\/wp-content\/uploads\/2021\/04\/shutterstock_1660681147.jpg\" \/>\n\t<meta property=\"og:image:width\" content=\"1000\" \/>\n\t<meta property=\"og:image:height\" content=\"562\" \/>\n<meta name=\"twitter:card\" content=\"summary_large_image\" \/>\n<meta name=\"twitter:label1\" content=\"Szacowany czas czytania\">\n\t<meta name=\"twitter:data1\" content=\"1 minuta\">\n<script type=\"application\/ld+json\" class=\"yoast-schema-graph\">{\"@context\":\"https:\/\/schema.org\",\"@graph\":[{\"@type\":\"Organization\",\"@id\":\"https:\/\/marktravel.pl\/#organization\",\"name\":\"Mark Travel\",\"url\":\"https:\/\/marktravel.pl\/\",\"sameAs\":[\"https:\/\/www.facebook.com\/Mark-Travel-272663992791851\/\"],\"logo\":{\"@type\":\"ImageObject\",\"@id\":\"https:\/\/marktravel.pl\/#logo\",\"inLanguage\":\"pl-PL\",\"url\":\"http:\/\/marktravel.pl\/wp-content\/uploads\/2021\/04\/logo.jpg\",\"contentUrl\":\"http:\/\/marktravel.pl\/wp-content\/uploads\/2021\/04\/logo.jpg\",\"width\":274,\"height\":121,\"caption\":\"Mark Travel\"},\"image\":{\"@id\":\"https:\/\/marktravel.pl\/#logo\"}},{\"@type\":\"WebSite\",\"@id\":\"https:\/\/marktravel.pl\/#website\",\"url\":\"https:\/\/marktravel.pl\/\",\"name\":\"MARK-TRAVEL\",\"description\":\"Organizacja wycieczek szkolnych i indywidualnych\",\"publisher\":{\"@id\":\"https:\/\/marktravel.pl\/#organization\"},\"potentialAction\":[{\"@type\":\"SearchAction\",\"target\":\"https:\/\/marktravel.pl\/?s={search_term_string}\",\"query-input\":\"required name=search_term_string\"}],\"inLanguage\":\"pl-PL\"},{\"@type\":\"ImageObject\",\"@id\":\"https:\/\/marktravel.pl\/index.php\/produkt\/wilno-troki-kowno\/#primaryimage\",\"inLanguage\":\"pl-PL\",\"url\":\"https:\/\/marktravel.pl\/wp-content\/uploads\/2021\/04\/shutterstock_1660681147.jpg\",\"contentUrl\":\"https:\/\/marktravel.pl\/wp-content\/uploads\/2021\/04\/shutterstock_1660681147.jpg\",\"width\":1000,\"height\":562},{\"@type\":\"WebPage\",\"@id\":\"https:\/\/marktravel.pl\/index.php\/produkt\/wilno-troki-kowno\/#webpage\",\"url\":\"https:\/\/marktravel.pl\/index.php\/produkt\/wilno-troki-kowno\/\",\"name\":\"WILNO - TROKI - KOWNO - MARK-TRAVEL\",\"isPartOf\":{\"@id\":\"https:\/\/marktravel.pl\/#website\"},\"primaryImageOfPage\":{\"@id\":\"https:\/\/marktravel.pl\/index.php\/produkt\/wilno-troki-kowno\/#primaryimage\"},\"datePublished\":\"2021-04-06T22:58:46+00:00\",\"dateModified\":\"2026-03-23T12:26:37+00:00\",\"breadcrumb\":{\"@id\":\"https:\/\/marktravel.pl\/index.php\/produkt\/wilno-troki-kowno\/#breadcrumb\"},\"inLanguage\":\"pl-PL\",\"potentialAction\":[{\"@type\":\"ReadAction\",\"target\":[\"https:\/\/marktravel.pl\/index.php\/produkt\/wilno-troki-kowno\/\"]}]},{\"@type\":\"BreadcrumbList\",\"@id\":\"https:\/\/marktravel.pl\/index.php\/produkt\/wilno-troki-kowno\/#breadcrumb\",\"itemListElement\":[{\"@type\":\"ListItem\",\"position\":1,\"item\":{\"@type\":\"WebPage\",\"@id\":\"https:\/\/marktravel.pl\/\",\"url\":\"https:\/\/marktravel.pl\/\",\"name\":\"Strona g\\u0142\\u00f3wna\"}},{\"@type\":\"ListItem\",\"position\":2,\"item\":{\"@type\":\"WebPage\",\"@id\":\"https:\/\/marktravel.pl\/index.php\/sklep\/\",\"url\":\"https:\/\/marktravel.pl\/index.php\/sklep\/\",\"name\":\"Sklep\"}},{\"@type\":\"ListItem\",\"position\":3,\"item\":{\"@id\":\"https:\/\/marktravel.pl\/index.php\/produkt\/wilno-troki-kowno\/#webpage\"}}]}]}<\/script>\n<!-- \/ Yoast SEO plugin. -->","_links":{"self":[{"href":"https:\/\/marktravel.pl\/index.php\/wp-json\/wp\/v2\/product\/521","targetHints":{"allow":["GET"]}}],"collection":[{"href":"https:\/\/marktravel.pl\/index.php\/wp-json\/wp\/v2\/product"}],"about":[{"href":"https:\/\/marktravel.pl\/index.php\/wp-json\/wp\/v2\/types\/product"}],"wp:featuredmedia":[{"embeddable":true,"href":"https:\/\/marktravel.pl\/index.php\/wp-json\/wp\/v2\/media\/1443"}],"wp:attachment":[{"href":"https:\/\/marktravel.pl\/index.php\/wp-json\/wp\/v2\/media?parent=521"}],"curies":[{"name":"wp","href":"https:\/\/api.w.org\/{rel}","templated":true}]}}