{"id":517,"date":"2021-04-07T00:58:46","date_gmt":"2021-04-06T22:58:46","guid":{"rendered":"http:\/\/marktravel.pl\/?post_type=product&#038;p=517"},"modified":"2026-03-23T13:30:57","modified_gmt":"2026-03-23T12:30:57","slug":"tatry-slowackie","status":"publish","type":"product","link":"https:\/\/marktravel.pl\/index.php\/produkt\/tatry-slowackie\/","title":{"rendered":"TATRY S\u0141OWACKIE"},"content":{"rendered":"<ul>\n<li>wyjazd ok. godz. 8:00<\/li>\n<li>zwiedzanie Jaskini Bielskiej<\/li>\n<li>spacer w \u015acie\u017ck\u0105 w Koronach Drzew<\/li>\n<li>przejazd nad Szczyrbskie Jezioro, spacer nad staw<\/li>\n<li>czas wolny w Starym Smokowcu \u2013 tatrza\u0144skim uzdrowisku<\/li>\n<li>powr\u00f3t w godz. wieczornych<\/li>\n<\/ul>\n","protected":false},"excerpt":{"rendered":"<p><strong>Wycieczka jednodniowa<\/strong><\/p>\n<p>Przy 45 osobach p\u0142atnych 3 osoby z opieki gratis.<\/p>\n<p><strong>Cena wycieczki obejmuje:<\/strong> przejazd autokarem, parkingi, bilety wst\u0119pu, pilota\/przewodnika, ubezpieczenie KL i NNW.<\/p>\n<p>W przypadku mniejszej liczby uczestnik\u00f3w cena mo\u017ce ulec zmianie.<\/p>\n<p>&nbsp;<\/p>\n","protected":false},"featured_media":1406,"template":"","meta":[],"class_list":["post-517","product","type-product","status-publish","has-post-thumbnail","hentry","product_cat-zagraniczne"],"yoast_head":"<!-- This site is optimized with the Yoast SEO plugin v16.2 - https:\/\/yoast.com\/wordpress\/plugins\/seo\/ -->\n<title>TATRY S\u0141OWACKIE - MARK-TRAVEL<\/title>\n<meta name=\"robots\" content=\"index, follow, max-snippet:-1, max-image-preview:large, max-video-preview:-1\" \/>\n<link rel=\"canonical\" href=\"https:\/\/marktravel.pl\/index.php\/produkt\/tatry-slowackie\/\" \/>\n<meta property=\"og:locale\" content=\"pl_PL\" \/>\n<meta property=\"og:type\" content=\"article\" \/>\n<meta property=\"og:title\" content=\"TATRY S\u0141OWACKIE - MARK-TRAVEL\" \/>\n<meta property=\"og:description\" content=\"Wycieczka jednodniowa  Przy 45 osobach p\u0142atnych 3 osoby z opieki gratis.  Cena wycieczki obejmuje: przejazd autokarem, parkingi, bilety wst\u0119pu, pilota\/przewodnika, ubezpieczenie KL i NNW.  W przypadku mniejszej liczby uczestnik\u00f3w cena mo\u017ce ulec zmianie.  &nbsp;\" \/>\n<meta property=\"og:url\" content=\"https:\/\/marktravel.pl\/index.php\/produkt\/tatry-slowackie\/\" \/>\n<meta property=\"og:site_name\" content=\"MARK-TRAVEL\" \/>\n<meta property=\"article:publisher\" content=\"https:\/\/www.facebook.com\/Mark-Travel-272663992791851\/\" \/>\n<meta property=\"article:modified_time\" content=\"2026-03-23T12:30:57+00:00\" \/>\n<meta property=\"og:image\" content=\"https:\/\/marktravel.pl\/wp-content\/uploads\/2021\/04\/szczyrbskie-pleso.jpg\" \/>\n\t<meta property=\"og:image:width\" content=\"1300\" \/>\n\t<meta property=\"og:image:height\" content=\"853\" \/>\n<meta name=\"twitter:card\" content=\"summary_large_image\" \/>\n<script type=\"application\/ld+json\" class=\"yoast-schema-graph\">{\"@context\":\"https:\/\/schema.org\",\"@graph\":[{\"@type\":\"Organization\",\"@id\":\"https:\/\/marktravel.pl\/#organization\",\"name\":\"Mark Travel\",\"url\":\"https:\/\/marktravel.pl\/\",\"sameAs\":[\"https:\/\/www.facebook.com\/Mark-Travel-272663992791851\/\"],\"logo\":{\"@type\":\"ImageObject\",\"@id\":\"https:\/\/marktravel.pl\/#logo\",\"inLanguage\":\"pl-PL\",\"url\":\"http:\/\/marktravel.pl\/wp-content\/uploads\/2021\/04\/logo.jpg\",\"contentUrl\":\"http:\/\/marktravel.pl\/wp-content\/uploads\/2021\/04\/logo.jpg\",\"width\":274,\"height\":121,\"caption\":\"Mark Travel\"},\"image\":{\"@id\":\"https:\/\/marktravel.pl\/#logo\"}},{\"@type\":\"WebSite\",\"@id\":\"https:\/\/marktravel.pl\/#website\",\"url\":\"https:\/\/marktravel.pl\/\",\"name\":\"MARK-TRAVEL\",\"description\":\"Organizacja wycieczek szkolnych i indywidualnych\",\"publisher\":{\"@id\":\"https:\/\/marktravel.pl\/#organization\"},\"potentialAction\":[{\"@type\":\"SearchAction\",\"target\":\"https:\/\/marktravel.pl\/?s={search_term_string}\",\"query-input\":\"required name=search_term_string\"}],\"inLanguage\":\"pl-PL\"},{\"@type\":\"ImageObject\",\"@id\":\"https:\/\/marktravel.pl\/index.php\/produkt\/tatry-slowackie\/#primaryimage\",\"inLanguage\":\"pl-PL\",\"url\":\"https:\/\/marktravel.pl\/wp-content\/uploads\/2021\/04\/szczyrbskie-pleso.jpg\",\"contentUrl\":\"https:\/\/marktravel.pl\/wp-content\/uploads\/2021\/04\/szczyrbskie-pleso.jpg\",\"width\":1300,\"height\":853},{\"@type\":\"WebPage\",\"@id\":\"https:\/\/marktravel.pl\/index.php\/produkt\/tatry-slowackie\/#webpage\",\"url\":\"https:\/\/marktravel.pl\/index.php\/produkt\/tatry-slowackie\/\",\"name\":\"TATRY S\\u0141OWACKIE - MARK-TRAVEL\",\"isPartOf\":{\"@id\":\"https:\/\/marktravel.pl\/#website\"},\"primaryImageOfPage\":{\"@id\":\"https:\/\/marktravel.pl\/index.php\/produkt\/tatry-slowackie\/#primaryimage\"},\"datePublished\":\"2021-04-06T22:58:46+00:00\",\"dateModified\":\"2026-03-23T12:30:57+00:00\",\"breadcrumb\":{\"@id\":\"https:\/\/marktravel.pl\/index.php\/produkt\/tatry-slowackie\/#breadcrumb\"},\"inLanguage\":\"pl-PL\",\"potentialAction\":[{\"@type\":\"ReadAction\",\"target\":[\"https:\/\/marktravel.pl\/index.php\/produkt\/tatry-slowackie\/\"]}]},{\"@type\":\"BreadcrumbList\",\"@id\":\"https:\/\/marktravel.pl\/index.php\/produkt\/tatry-slowackie\/#breadcrumb\",\"itemListElement\":[{\"@type\":\"ListItem\",\"position\":1,\"item\":{\"@type\":\"WebPage\",\"@id\":\"https:\/\/marktravel.pl\/\",\"url\":\"https:\/\/marktravel.pl\/\",\"name\":\"Strona g\\u0142\\u00f3wna\"}},{\"@type\":\"ListItem\",\"position\":2,\"item\":{\"@type\":\"WebPage\",\"@id\":\"https:\/\/marktravel.pl\/index.php\/sklep\/\",\"url\":\"https:\/\/marktravel.pl\/index.php\/sklep\/\",\"name\":\"Sklep\"}},{\"@type\":\"ListItem\",\"position\":3,\"item\":{\"@id\":\"https:\/\/marktravel.pl\/index.php\/produkt\/tatry-slowackie\/#webpage\"}}]}]}<\/script>\n<!-- \/ Yoast SEO plugin. -->","_links":{"self":[{"href":"https:\/\/marktravel.pl\/index.php\/wp-json\/wp\/v2\/product\/517","targetHints":{"allow":["GET"]}}],"collection":[{"href":"https:\/\/marktravel.pl\/index.php\/wp-json\/wp\/v2\/product"}],"about":[{"href":"https:\/\/marktravel.pl\/index.php\/wp-json\/wp\/v2\/types\/product"}],"wp:featuredmedia":[{"embeddable":true,"href":"https:\/\/marktravel.pl\/index.php\/wp-json\/wp\/v2\/media\/1406"}],"wp:attachment":[{"href":"https:\/\/marktravel.pl\/index.php\/wp-json\/wp\/v2\/media?parent=517"}],"curies":[{"name":"wp","href":"https:\/\/api.w.org\/{rel}","templated":true}]}}