{"id":475,"date":"2021-04-07T00:58:28","date_gmt":"2021-04-06T22:58:28","guid":{"rendered":"http:\/\/marktravel.pl\/?post_type=product&#038;p=475"},"modified":"2026-03-23T14:47:12","modified_gmt":"2026-03-23T13:47:12","slug":"torun-lichen-warszawa","status":"publish","type":"product","link":"https:\/\/marktravel.pl\/index.php\/produkt\/torun-lichen-warszawa\/","title":{"rendered":"TORU\u0143 &#8211; LICHE\u0143 &#8211; WARSZAWA"},"content":{"rendered":"<p><strong>1 dzie\u0144:<\/strong><\/p>\n<ul>\n<li>wyjazd ok. godz. 3:00<\/li>\n<li>przejazd do Torunia, zwiedzanie: Stare Miasto, Ko\u015bci\u00f3\u0142 pw. MB Nowej Ewangelizacji<\/li>\n<li>przejazd do Lichenia &#8211; Sanktuarium MB Bolesnej &#8211; Bazylika, Ko\u015bci\u00f3\u0142 \u015bw. Doroty, Golgota, \u0179r\u00f3de\u0142ko, Las Gr\u0105bli\u0144ski &#8211; miejsce objawie\u0144<\/li>\n<li>przejazd do hotelu, obiadokolacja i nocleg<\/li>\n<\/ul>\n<p><strong>2 dzie\u0144:<\/strong><\/p>\n<ul>\n<li>\u015bniadanie i wykwaterowanie<\/li>\n<li>przejazd do Warszawy \u2013 spacer po Starym Mie\u015bcie, m. in. Kolumna Zygmunta, Bazylika Archikatedralna \u015bw. Jana Chrzciciela (gr\u00f3b. kard. Stefana Wyszy\u0144skiego), Gr\u00f3b Nieznanego \u017bo\u0142nierza<\/li>\n<li>Ko\u015bci\u00f3\u0142 \u015bw. Stanis\u0142awa Kostki<\/li>\n<li>\u015awi\u0105tynia Opatrzno\u015bci Bo\u017cej<\/li>\n<li>powr\u00f3t w p\u00f3\u017anych godz. wieczornych\/nocnych<\/li>\n<\/ul>\n","protected":false},"excerpt":{"rendered":"<p><strong>Pielgrzymka dwudniowa<\/strong><\/p>\n<p>Przy 45 osobach p\u0142atnych.<\/p>\n<p><strong>Cena wycieczki obejmuje: <\/strong>transport autokarem, op\u0142aty drogowe i parkingowe, bilety wst\u0119pu, nocleg i wy\u017cywienie wg programu, pilota, przewodnika, ubezpieczenie NNW.<\/p>\n<p>W przypadku mniejszej liczby uczestnik\u00f3w cena mo\u017ce ulec zmianie.<\/p>\n<p>&nbsp;<\/p>\n","protected":false},"featured_media":1434,"template":"","meta":[],"class_list":["post-475","product","type-product","status-publish","has-post-thumbnail","hentry","product_cat-pielgrzymki"],"yoast_head":"<!-- This site is optimized with the Yoast SEO plugin v16.2 - https:\/\/yoast.com\/wordpress\/plugins\/seo\/ -->\n<title>TORU\u0143 - LICHE\u0143 - WARSZAWA - MARK-TRAVEL<\/title>\n<meta name=\"robots\" content=\"index, follow, max-snippet:-1, max-image-preview:large, max-video-preview:-1\" \/>\n<link rel=\"canonical\" href=\"https:\/\/marktravel.pl\/index.php\/produkt\/torun-lichen-warszawa\/\" \/>\n<meta property=\"og:locale\" content=\"pl_PL\" \/>\n<meta property=\"og:type\" content=\"article\" \/>\n<meta property=\"og:title\" content=\"TORU\u0143 - LICHE\u0143 - WARSZAWA - MARK-TRAVEL\" \/>\n<meta property=\"og:description\" content=\"Pielgrzymka dwudniowa  Przy 45 osobach p\u0142atnych.  Cena wycieczki obejmuje: transport autokarem, op\u0142aty drogowe i parkingowe, bilety wst\u0119pu, nocleg i wy\u017cywienie wg programu, pilota, przewodnika, ubezpieczenie NNW.  W przypadku mniejszej liczby uczestnik\u00f3w cena mo\u017ce ulec zmianie.  &nbsp;\" \/>\n<meta property=\"og:url\" content=\"https:\/\/marktravel.pl\/index.php\/produkt\/torun-lichen-warszawa\/\" \/>\n<meta property=\"og:site_name\" content=\"MARK-TRAVEL\" \/>\n<meta property=\"article:publisher\" content=\"https:\/\/www.facebook.com\/Mark-Travel-272663992791851\/\" \/>\n<meta property=\"article:modified_time\" content=\"2026-03-23T13:47:12+00:00\" \/>\n<meta name=\"twitter:card\" content=\"summary_large_image\" \/>\n<meta name=\"twitter:image\" content=\"https:\/\/marktravel.pl\/wp-content\/uploads\/2021\/04\/Lichen-1-Maciej-Maciejewski.webp\" \/>\n<meta name=\"twitter:label1\" content=\"Szacowany czas czytania\">\n\t<meta name=\"twitter:data1\" content=\"1 minuta\">\n<script type=\"application\/ld+json\" class=\"yoast-schema-graph\">{\"@context\":\"https:\/\/schema.org\",\"@graph\":[{\"@type\":\"Organization\",\"@id\":\"https:\/\/marktravel.pl\/#organization\",\"name\":\"Mark Travel\",\"url\":\"https:\/\/marktravel.pl\/\",\"sameAs\":[\"https:\/\/www.facebook.com\/Mark-Travel-272663992791851\/\"],\"logo\":{\"@type\":\"ImageObject\",\"@id\":\"https:\/\/marktravel.pl\/#logo\",\"inLanguage\":\"pl-PL\",\"url\":\"http:\/\/marktravel.pl\/wp-content\/uploads\/2021\/04\/logo.jpg\",\"contentUrl\":\"http:\/\/marktravel.pl\/wp-content\/uploads\/2021\/04\/logo.jpg\",\"width\":274,\"height\":121,\"caption\":\"Mark Travel\"},\"image\":{\"@id\":\"https:\/\/marktravel.pl\/#logo\"}},{\"@type\":\"WebSite\",\"@id\":\"https:\/\/marktravel.pl\/#website\",\"url\":\"https:\/\/marktravel.pl\/\",\"name\":\"MARK-TRAVEL\",\"description\":\"Organizacja wycieczek szkolnych i indywidualnych\",\"publisher\":{\"@id\":\"https:\/\/marktravel.pl\/#organization\"},\"potentialAction\":[{\"@type\":\"SearchAction\",\"target\":\"https:\/\/marktravel.pl\/?s={search_term_string}\",\"query-input\":\"required name=search_term_string\"}],\"inLanguage\":\"pl-PL\"},{\"@type\":\"ImageObject\",\"@id\":\"https:\/\/marktravel.pl\/index.php\/produkt\/torun-lichen-warszawa\/#primaryimage\",\"inLanguage\":\"pl-PL\",\"url\":\"https:\/\/marktravel.pl\/wp-content\/uploads\/2021\/04\/Lichen-1-Maciej-Maciejewski.webp\",\"contentUrl\":\"https:\/\/marktravel.pl\/wp-content\/uploads\/2021\/04\/Lichen-1-Maciej-Maciejewski.webp\",\"width\":1920,\"height\":1279},{\"@type\":\"WebPage\",\"@id\":\"https:\/\/marktravel.pl\/index.php\/produkt\/torun-lichen-warszawa\/#webpage\",\"url\":\"https:\/\/marktravel.pl\/index.php\/produkt\/torun-lichen-warszawa\/\",\"name\":\"TORU\\u0143 - LICHE\\u0143 - WARSZAWA - MARK-TRAVEL\",\"isPartOf\":{\"@id\":\"https:\/\/marktravel.pl\/#website\"},\"primaryImageOfPage\":{\"@id\":\"https:\/\/marktravel.pl\/index.php\/produkt\/torun-lichen-warszawa\/#primaryimage\"},\"datePublished\":\"2021-04-06T22:58:28+00:00\",\"dateModified\":\"2026-03-23T13:47:12+00:00\",\"breadcrumb\":{\"@id\":\"https:\/\/marktravel.pl\/index.php\/produkt\/torun-lichen-warszawa\/#breadcrumb\"},\"inLanguage\":\"pl-PL\",\"potentialAction\":[{\"@type\":\"ReadAction\",\"target\":[\"https:\/\/marktravel.pl\/index.php\/produkt\/torun-lichen-warszawa\/\"]}]},{\"@type\":\"BreadcrumbList\",\"@id\":\"https:\/\/marktravel.pl\/index.php\/produkt\/torun-lichen-warszawa\/#breadcrumb\",\"itemListElement\":[{\"@type\":\"ListItem\",\"position\":1,\"item\":{\"@type\":\"WebPage\",\"@id\":\"https:\/\/marktravel.pl\/\",\"url\":\"https:\/\/marktravel.pl\/\",\"name\":\"Strona g\\u0142\\u00f3wna\"}},{\"@type\":\"ListItem\",\"position\":2,\"item\":{\"@type\":\"WebPage\",\"@id\":\"https:\/\/marktravel.pl\/index.php\/sklep\/\",\"url\":\"https:\/\/marktravel.pl\/index.php\/sklep\/\",\"name\":\"Sklep\"}},{\"@type\":\"ListItem\",\"position\":3,\"item\":{\"@id\":\"https:\/\/marktravel.pl\/index.php\/produkt\/torun-lichen-warszawa\/#webpage\"}}]}]}<\/script>\n<!-- \/ Yoast SEO plugin. -->","_links":{"self":[{"href":"https:\/\/marktravel.pl\/index.php\/wp-json\/wp\/v2\/product\/475","targetHints":{"allow":["GET"]}}],"collection":[{"href":"https:\/\/marktravel.pl\/index.php\/wp-json\/wp\/v2\/product"}],"about":[{"href":"https:\/\/marktravel.pl\/index.php\/wp-json\/wp\/v2\/types\/product"}],"wp:featuredmedia":[{"embeddable":true,"href":"https:\/\/marktravel.pl\/index.php\/wp-json\/wp\/v2\/media\/1434"}],"wp:attachment":[{"href":"https:\/\/marktravel.pl\/index.php\/wp-json\/wp\/v2\/media?parent=475"}],"curies":[{"name":"wp","href":"https:\/\/api.w.org\/{rel}","templated":true}]}}