{"id":473,"date":"2021-04-07T00:58:28","date_gmt":"2021-04-06T22:58:28","guid":{"rendered":"http:\/\/marktravel.pl\/?post_type=product&#038;p=473"},"modified":"2026-03-23T15:14:10","modified_gmt":"2026-03-23T14:14:10","slug":"wlochy","status":"publish","type":"product","link":"https:\/\/marktravel.pl\/index.php\/produkt\/wlochy\/","title":{"rendered":"W\u0141OCHY"},"content":{"rendered":"<p><strong>1 dzie\u0144:<\/strong><\/p>\n<ul>\n<li>wyjazd ok. godz. 16:00 w kierunku W\u0142och<\/li>\n<\/ul>\n<p><strong>2 dzie\u0144:<\/strong><\/p>\n<ul>\n<li>przyjazd do Padwy &#8211; przej\u015bcie przez Prato delle Valle, zwiedzanie Bazyliki \u015bw. Antoniego, Uniwersytet Piaza delle Erbe<\/li>\n<li>przejazd do hotelu na obiadokolacj\u0119 i nocleg<\/li>\n<\/ul>\n<p><strong>3 dzie\u0144:<\/strong><\/p>\n<ul>\n<li>przejazd do Loreto \u2013 o\u015brodka pielgrzymkowego, miejsce kultu Maryjnego &#8211; Bazylika Domu Bo\u017cego oraz Cmentarz Polskich \u017bo\u0142nierzy<\/li>\n<li>przejazd do hotelu w San Giovanni Rotondo na obiadokolacj\u0119 i nocleg<\/li>\n<\/ul>\n<p><strong>4 dzie\u0144:<\/strong><\/p>\n<ul>\n<li>\u015bniadanie<\/li>\n<li>zwiedzanie Bazyliki MB \u0141askawej oraz Bazyliki \u015bw. Ojca Pio, droga krzy\u017cowa<\/li>\n<li>przejazd do Sanktuarium \u015bw. Micha\u0142a Archanio\u0142a w Monte San Angelo<\/li>\n<li>przejazd na obiadokolacj\u0119 i nocleg<\/li>\n<\/ul>\n<p><strong>5 dzie\u0144:<\/strong><\/p>\n<ul>\n<li>\u015bniadanie<\/li>\n<li>przejazd na Monte Casino, zwiedzanie Opactwa Benedyktyn\u00f3w i Cmentarza II Korpusu \u017bo\u0142nierzy Polskich<\/li>\n<li>Castel Gandolfo &#8211; letnia rezydencja papieska<\/li>\n<li>przejazd do hotelu na obiadokolacj\u0119 i nocleg<\/li>\n<\/ul>\n<p><strong>6 dzie\u0144:<\/strong><\/p>\n<ul>\n<li>\u015bniadanie<\/li>\n<li>zwiedzanie Rzymu: Bazylika \u015bw. Jana na Lateranie, MB Wi\u0119kszej, \u015bw. Paw\u0142a za Murami, Koloseum, Forum Romanum, Kapitol<\/li>\n<li>przejazd do hotelu na obiadokolacj\u0119 oraz nocleg<\/li>\n<\/ul>\n<p><strong>7 dzie\u0144:<\/strong><\/p>\n<ul>\n<li>\u015bniadanie<\/li>\n<li>przejazd do Watykanu, udzia\u0142 w audiencji papieskiej (\u015broda) lub Aniele Pa\u0144skim (niedziela)<\/li>\n<li>Bazylika \u015bw. Piotra, gr\u00f3b \u015bw. Jana Paw\u0142a II, krypty papieskie<\/li>\n<li>spacer przez barokow\u0105 cz\u0119\u015b\u0107 Rzymu: Piazza Navona, Panteon, Fontanna di Trevi, Schody Hiszpa\u0144skie<\/li>\n<li>p\u00f3\u017ana obiadokolacja i nocleg<\/li>\n<\/ul>\n<p><strong>8 dzie\u0144:<\/strong><\/p>\n<ul>\n<li>\u015bniadanie<\/li>\n<li>przejazd do Asy\u017cu, zwiedzanie Bazyliki \u015bw. Franciszka i \u015bw. Klary<\/li>\n<li>wyjazd w drog\u0119 powrotn\u0105<\/li>\n<\/ul>\n<p><strong>9 dzie\u0144:<\/strong><\/p>\n<ul>\n<li>\u015bniadanie<\/li>\n<li>zako\u0144czenie pielgrzymki w godz. wieczornych<\/li>\n<\/ul>\n","protected":false},"excerpt":{"rendered":"<p><strong>Pielgrzymka dziewi\u0119ciodniowa<\/strong><\/p>\n<p>Przy 45 osobach p\u0142atnych.<\/p>\n<p><strong>Cena wycieczki obejmuje:<\/strong> przejazd autokarem, op\u0142aty drogowe, wjazdowe i parkingowe, nocleg i wy\u017cywienie wg programu, bilety wst\u0119pu, pilota, przewodnik\u00f3w, ubezpieczenie KL i NNW, fundusz turystyczny.<\/p>\n<p>W przypadku mniejszej liczby uczestnik\u00f3w cena mo\u017ce ulec zmianie.<\/p>\n<p>&nbsp;<\/p>\n","protected":false},"featured_media":1436,"template":"","meta":[],"class_list":["post-473","product","type-product","status-publish","has-post-thumbnail","hentry","product_cat-pielgrzymki"],"yoast_head":"<!-- This site is optimized with the Yoast SEO plugin v16.2 - https:\/\/yoast.com\/wordpress\/plugins\/seo\/ -->\n<title>W\u0141OCHY - MARK-TRAVEL<\/title>\n<meta name=\"robots\" content=\"index, follow, max-snippet:-1, max-image-preview:large, max-video-preview:-1\" \/>\n<link rel=\"canonical\" href=\"https:\/\/marktravel.pl\/index.php\/produkt\/wlochy\/\" \/>\n<meta property=\"og:locale\" content=\"pl_PL\" \/>\n<meta property=\"og:type\" content=\"article\" \/>\n<meta property=\"og:title\" content=\"W\u0141OCHY - MARK-TRAVEL\" \/>\n<meta property=\"og:description\" content=\"Pielgrzymka dziewi\u0119ciodniowa  Przy 45 osobach p\u0142atnych.  Cena wycieczki obejmuje: przejazd autokarem, op\u0142aty drogowe, wjazdowe i parkingowe, nocleg i wy\u017cywienie wg programu, bilety wst\u0119pu, pilota, przewodnik\u00f3w, ubezpieczenie KL i NNW, fundusz turystyczny.  W przypadku mniejszej liczby uczestnik\u00f3w cena mo\u017ce ulec zmianie.  &nbsp;\" \/>\n<meta property=\"og:url\" content=\"https:\/\/marktravel.pl\/index.php\/produkt\/wlochy\/\" \/>\n<meta property=\"og:site_name\" content=\"MARK-TRAVEL\" \/>\n<meta property=\"article:publisher\" content=\"https:\/\/www.facebook.com\/Mark-Travel-272663992791851\/\" \/>\n<meta property=\"article:modified_time\" content=\"2026-03-23T14:14:10+00:00\" \/>\n<meta property=\"og:image\" content=\"https:\/\/marktravel.pl\/wp-content\/uploads\/2021\/04\/rzym.jpg\" \/>\n\t<meta property=\"og:image:width\" content=\"1280\" \/>\n\t<meta property=\"og:image:height\" content=\"640\" \/>\n<meta name=\"twitter:card\" content=\"summary_large_image\" \/>\n<meta name=\"twitter:label1\" content=\"Szacowany czas czytania\">\n\t<meta name=\"twitter:data1\" content=\"1 minuta\">\n<script type=\"application\/ld+json\" class=\"yoast-schema-graph\">{\"@context\":\"https:\/\/schema.org\",\"@graph\":[{\"@type\":\"Organization\",\"@id\":\"https:\/\/marktravel.pl\/#organization\",\"name\":\"Mark Travel\",\"url\":\"https:\/\/marktravel.pl\/\",\"sameAs\":[\"https:\/\/www.facebook.com\/Mark-Travel-272663992791851\/\"],\"logo\":{\"@type\":\"ImageObject\",\"@id\":\"https:\/\/marktravel.pl\/#logo\",\"inLanguage\":\"pl-PL\",\"url\":\"http:\/\/marktravel.pl\/wp-content\/uploads\/2021\/04\/logo.jpg\",\"contentUrl\":\"http:\/\/marktravel.pl\/wp-content\/uploads\/2021\/04\/logo.jpg\",\"width\":274,\"height\":121,\"caption\":\"Mark Travel\"},\"image\":{\"@id\":\"https:\/\/marktravel.pl\/#logo\"}},{\"@type\":\"WebSite\",\"@id\":\"https:\/\/marktravel.pl\/#website\",\"url\":\"https:\/\/marktravel.pl\/\",\"name\":\"MARK-TRAVEL\",\"description\":\"Organizacja wycieczek szkolnych i indywidualnych\",\"publisher\":{\"@id\":\"https:\/\/marktravel.pl\/#organization\"},\"potentialAction\":[{\"@type\":\"SearchAction\",\"target\":\"https:\/\/marktravel.pl\/?s={search_term_string}\",\"query-input\":\"required name=search_term_string\"}],\"inLanguage\":\"pl-PL\"},{\"@type\":\"ImageObject\",\"@id\":\"https:\/\/marktravel.pl\/index.php\/produkt\/wlochy\/#primaryimage\",\"inLanguage\":\"pl-PL\",\"url\":\"https:\/\/marktravel.pl\/wp-content\/uploads\/2021\/04\/rzym.jpg\",\"contentUrl\":\"https:\/\/marktravel.pl\/wp-content\/uploads\/2021\/04\/rzym.jpg\",\"width\":1280,\"height\":640},{\"@type\":\"WebPage\",\"@id\":\"https:\/\/marktravel.pl\/index.php\/produkt\/wlochy\/#webpage\",\"url\":\"https:\/\/marktravel.pl\/index.php\/produkt\/wlochy\/\",\"name\":\"W\\u0141OCHY - MARK-TRAVEL\",\"isPartOf\":{\"@id\":\"https:\/\/marktravel.pl\/#website\"},\"primaryImageOfPage\":{\"@id\":\"https:\/\/marktravel.pl\/index.php\/produkt\/wlochy\/#primaryimage\"},\"datePublished\":\"2021-04-06T22:58:28+00:00\",\"dateModified\":\"2026-03-23T14:14:10+00:00\",\"breadcrumb\":{\"@id\":\"https:\/\/marktravel.pl\/index.php\/produkt\/wlochy\/#breadcrumb\"},\"inLanguage\":\"pl-PL\",\"potentialAction\":[{\"@type\":\"ReadAction\",\"target\":[\"https:\/\/marktravel.pl\/index.php\/produkt\/wlochy\/\"]}]},{\"@type\":\"BreadcrumbList\",\"@id\":\"https:\/\/marktravel.pl\/index.php\/produkt\/wlochy\/#breadcrumb\",\"itemListElement\":[{\"@type\":\"ListItem\",\"position\":1,\"item\":{\"@type\":\"WebPage\",\"@id\":\"https:\/\/marktravel.pl\/\",\"url\":\"https:\/\/marktravel.pl\/\",\"name\":\"Strona g\\u0142\\u00f3wna\"}},{\"@type\":\"ListItem\",\"position\":2,\"item\":{\"@type\":\"WebPage\",\"@id\":\"https:\/\/marktravel.pl\/index.php\/sklep\/\",\"url\":\"https:\/\/marktravel.pl\/index.php\/sklep\/\",\"name\":\"Sklep\"}},{\"@type\":\"ListItem\",\"position\":3,\"item\":{\"@id\":\"https:\/\/marktravel.pl\/index.php\/produkt\/wlochy\/#webpage\"}}]}]}<\/script>\n<!-- \/ Yoast SEO plugin. -->","_links":{"self":[{"href":"https:\/\/marktravel.pl\/index.php\/wp-json\/wp\/v2\/product\/473","targetHints":{"allow":["GET"]}}],"collection":[{"href":"https:\/\/marktravel.pl\/index.php\/wp-json\/wp\/v2\/product"}],"about":[{"href":"https:\/\/marktravel.pl\/index.php\/wp-json\/wp\/v2\/types\/product"}],"wp:featuredmedia":[{"embeddable":true,"href":"https:\/\/marktravel.pl\/index.php\/wp-json\/wp\/v2\/media\/1436"}],"wp:attachment":[{"href":"https:\/\/marktravel.pl\/index.php\/wp-json\/wp\/v2\/media?parent=473"}],"curies":[{"name":"wp","href":"https:\/\/api.w.org\/{rel}","templated":true}]}}