{"id":464,"date":"2021-04-07T00:58:27","date_gmt":"2021-04-06T22:58:27","guid":{"rendered":"http:\/\/marktravel.pl\/?post_type=product&#038;p=464"},"modified":"2026-03-23T16:44:55","modified_gmt":"2026-03-23T15:44:55","slug":"w-bajkowym-swiecie-pacanow-zalipie","status":"publish","type":"product","link":"https:\/\/marktravel.pl\/index.php\/produkt\/w-bajkowym-swiecie-pacanow-zalipie\/","title":{"rendered":"W BAJKOWYM \u015aWIECIE: TARN\u00d3W-ZALIPIE"},"content":{"rendered":"<ul>\n<li style=\"font-weight: 400;\" aria-level=\"1\"><span style=\"font-weight: 400;\">wyjazd ok. godz. 8.00<\/span><\/li>\n<li style=\"font-weight: 400;\" aria-level=\"1\"><span style=\"font-weight: 400;\">Pasa\u017c Odkry\u0107 &#8211; Centrum Nauki i Techniki w Tarnowie &#8211; ekspozycja i planetarium<\/span><b> lub <\/b><span style=\"font-weight: 400;\">Centrum Bajki im. Kozio\u0142ka Mato\u0142ka w Pacanowie, gdzie interaktywna wystawa przeniesie nas w zaczarowany \u015bwiat bajek\u00a0<\/span><\/li>\n<li style=\"font-weight: 400;\" aria-level=\"1\"><span style=\"font-weight: 400;\">przejazd do Zalipia &#8211; \u201emalowanej wsi\u201d, warsztaty plastyczne w Domu Malarek, przejazd przez kolorow\u0105 wie\u015b<\/span><\/li>\n<li style=\"font-weight: 400;\" aria-level=\"1\"><span style=\"font-weight: 400;\">powr\u00f3t w godz. popo\u0142udniowych<\/span><\/li>\n<\/ul>\n","protected":false},"excerpt":{"rendered":"<p><strong>Wycieczka jednodniowa<\/strong><\/p>\n<p>Przy 45 osobach p\u0142atnych 3 osoby z opieki gratis.<\/p>\n<p><strong>Cena wycieczki obejmuje:<\/strong> przejazd autokarem, op\u0142aty drogowe i parkingowe, bilety wst\u0119pu, pilota\/przewodnika.<\/p>\n<p>W przypadku mniejszej liczby uczestnik\u00f3w cena mo\u017ce ulec zmianie.<\/p>\n<p>&nbsp;<\/p>\n","protected":false},"featured_media":1590,"template":"","meta":[],"class_list":["post-464","product","type-product","status-publish","has-post-thumbnail","hentry","product_cat-jednodniowe"],"yoast_head":"<!-- This site is optimized with the Yoast SEO plugin v16.2 - https:\/\/yoast.com\/wordpress\/plugins\/seo\/ -->\n<title>W BAJKOWYM \u015aWIECIE: TARN\u00d3W-ZALIPIE - MARK-TRAVEL<\/title>\n<meta name=\"robots\" content=\"index, follow, max-snippet:-1, max-image-preview:large, max-video-preview:-1\" \/>\n<link rel=\"canonical\" href=\"https:\/\/marktravel.pl\/index.php\/produkt\/w-bajkowym-swiecie-pacanow-zalipie\/\" \/>\n<meta property=\"og:locale\" content=\"pl_PL\" \/>\n<meta property=\"og:type\" content=\"article\" \/>\n<meta property=\"og:title\" content=\"W BAJKOWYM \u015aWIECIE: TARN\u00d3W-ZALIPIE - MARK-TRAVEL\" \/>\n<meta property=\"og:description\" content=\"Wycieczka jednodniowa  Przy 45 osobach p\u0142atnych 3 osoby z opieki gratis.  Cena wycieczki obejmuje: przejazd autokarem, op\u0142aty drogowe i parkingowe, bilety wst\u0119pu, pilota\/przewodnika.  W przypadku mniejszej liczby uczestnik\u00f3w cena mo\u017ce ulec zmianie.  &nbsp;\" \/>\n<meta property=\"og:url\" content=\"https:\/\/marktravel.pl\/index.php\/produkt\/w-bajkowym-swiecie-pacanow-zalipie\/\" \/>\n<meta property=\"og:site_name\" content=\"MARK-TRAVEL\" \/>\n<meta property=\"article:publisher\" content=\"https:\/\/www.facebook.com\/Mark-Travel-272663992791851\/\" \/>\n<meta property=\"article:modified_time\" content=\"2026-03-23T15:44:55+00:00\" \/>\n<meta property=\"og:image\" content=\"https:\/\/marktravel.pl\/wp-content\/uploads\/2021\/04\/Dom-u-Babci-Zalipie-05302018_0W1A0791_2.jpg\" \/>\n\t<meta property=\"og:image:width\" content=\"1920\" \/>\n\t<meta property=\"og:image:height\" content=\"1280\" \/>\n<meta name=\"twitter:card\" content=\"summary_large_image\" \/>\n<meta name=\"twitter:label1\" content=\"Szacowany czas czytania\">\n\t<meta name=\"twitter:data1\" content=\"1 minuta\">\n<script type=\"application\/ld+json\" class=\"yoast-schema-graph\">{\"@context\":\"https:\/\/schema.org\",\"@graph\":[{\"@type\":\"Organization\",\"@id\":\"https:\/\/marktravel.pl\/#organization\",\"name\":\"Mark Travel\",\"url\":\"https:\/\/marktravel.pl\/\",\"sameAs\":[\"https:\/\/www.facebook.com\/Mark-Travel-272663992791851\/\"],\"logo\":{\"@type\":\"ImageObject\",\"@id\":\"https:\/\/marktravel.pl\/#logo\",\"inLanguage\":\"pl-PL\",\"url\":\"http:\/\/marktravel.pl\/wp-content\/uploads\/2021\/04\/logo.jpg\",\"contentUrl\":\"http:\/\/marktravel.pl\/wp-content\/uploads\/2021\/04\/logo.jpg\",\"width\":274,\"height\":121,\"caption\":\"Mark Travel\"},\"image\":{\"@id\":\"https:\/\/marktravel.pl\/#logo\"}},{\"@type\":\"WebSite\",\"@id\":\"https:\/\/marktravel.pl\/#website\",\"url\":\"https:\/\/marktravel.pl\/\",\"name\":\"MARK-TRAVEL\",\"description\":\"Organizacja wycieczek szkolnych i indywidualnych\",\"publisher\":{\"@id\":\"https:\/\/marktravel.pl\/#organization\"},\"potentialAction\":[{\"@type\":\"SearchAction\",\"target\":\"https:\/\/marktravel.pl\/?s={search_term_string}\",\"query-input\":\"required name=search_term_string\"}],\"inLanguage\":\"pl-PL\"},{\"@type\":\"ImageObject\",\"@id\":\"https:\/\/marktravel.pl\/index.php\/produkt\/w-bajkowym-swiecie-pacanow-zalipie\/#primaryimage\",\"inLanguage\":\"pl-PL\",\"url\":\"https:\/\/marktravel.pl\/wp-content\/uploads\/2021\/04\/Dom-u-Babci-Zalipie-05302018_0W1A0791_2.jpg\",\"contentUrl\":\"https:\/\/marktravel.pl\/wp-content\/uploads\/2021\/04\/Dom-u-Babci-Zalipie-05302018_0W1A0791_2.jpg\",\"width\":1920,\"height\":1280},{\"@type\":\"WebPage\",\"@id\":\"https:\/\/marktravel.pl\/index.php\/produkt\/w-bajkowym-swiecie-pacanow-zalipie\/#webpage\",\"url\":\"https:\/\/marktravel.pl\/index.php\/produkt\/w-bajkowym-swiecie-pacanow-zalipie\/\",\"name\":\"W BAJKOWYM \\u015aWIECIE: TARN\\u00d3W-ZALIPIE - MARK-TRAVEL\",\"isPartOf\":{\"@id\":\"https:\/\/marktravel.pl\/#website\"},\"primaryImageOfPage\":{\"@id\":\"https:\/\/marktravel.pl\/index.php\/produkt\/w-bajkowym-swiecie-pacanow-zalipie\/#primaryimage\"},\"datePublished\":\"2021-04-06T22:58:27+00:00\",\"dateModified\":\"2026-03-23T15:44:55+00:00\",\"breadcrumb\":{\"@id\":\"https:\/\/marktravel.pl\/index.php\/produkt\/w-bajkowym-swiecie-pacanow-zalipie\/#breadcrumb\"},\"inLanguage\":\"pl-PL\",\"potentialAction\":[{\"@type\":\"ReadAction\",\"target\":[\"https:\/\/marktravel.pl\/index.php\/produkt\/w-bajkowym-swiecie-pacanow-zalipie\/\"]}]},{\"@type\":\"BreadcrumbList\",\"@id\":\"https:\/\/marktravel.pl\/index.php\/produkt\/w-bajkowym-swiecie-pacanow-zalipie\/#breadcrumb\",\"itemListElement\":[{\"@type\":\"ListItem\",\"position\":1,\"item\":{\"@type\":\"WebPage\",\"@id\":\"https:\/\/marktravel.pl\/\",\"url\":\"https:\/\/marktravel.pl\/\",\"name\":\"Strona g\\u0142\\u00f3wna\"}},{\"@type\":\"ListItem\",\"position\":2,\"item\":{\"@type\":\"WebPage\",\"@id\":\"https:\/\/marktravel.pl\/index.php\/sklep\/\",\"url\":\"https:\/\/marktravel.pl\/index.php\/sklep\/\",\"name\":\"Sklep\"}},{\"@type\":\"ListItem\",\"position\":3,\"item\":{\"@id\":\"https:\/\/marktravel.pl\/index.php\/produkt\/w-bajkowym-swiecie-pacanow-zalipie\/#webpage\"}}]}]}<\/script>\n<!-- \/ Yoast SEO plugin. -->","_links":{"self":[{"href":"https:\/\/marktravel.pl\/index.php\/wp-json\/wp\/v2\/product\/464","targetHints":{"allow":["GET"]}}],"collection":[{"href":"https:\/\/marktravel.pl\/index.php\/wp-json\/wp\/v2\/product"}],"about":[{"href":"https:\/\/marktravel.pl\/index.php\/wp-json\/wp\/v2\/types\/product"}],"wp:featuredmedia":[{"embeddable":true,"href":"https:\/\/marktravel.pl\/index.php\/wp-json\/wp\/v2\/media\/1590"}],"wp:attachment":[{"href":"https:\/\/marktravel.pl\/index.php\/wp-json\/wp\/v2\/media?parent=464"}],"curies":[{"name":"wp","href":"https:\/\/api.w.org\/{rel}","templated":true}]}}