{"id":1598,"date":"2026-03-24T11:35:31","date_gmt":"2026-03-24T10:35:31","guid":{"rendered":"https:\/\/marktravel.pl\/?post_type=product&#038;p=1598"},"modified":"2026-03-24T11:41:41","modified_gmt":"2026-03-24T10:41:41","slug":"opole","status":"publish","type":"product","link":"https:\/\/marktravel.pl\/index.php\/produkt\/opole\/","title":{"rendered":"OPOLE"},"content":{"rendered":"<p><strong>1 dzie\u0144:<\/strong><\/p>\n<ul>\n<li>wyjazd ok. godz. 5:00<\/li>\n<li>spacer po mie\u015bcie: Wie\u017ca Piastowska, Aleja Gwiazd, Most Groszowy, Wenecja Opolska<\/li>\n<li>Ogr\u00f3d Zoologiczny w Opolu<\/li>\n<li>zakwaterowanie, obiadokolacja i nocleg<\/li>\n<\/ul>\n<p><strong>2 dzie\u0144:<\/strong><\/p>\n<ul>\n<li>\u015bniadanie<\/li>\n<li>Muzeum Polskiej Piosenki + warsztaty edukacyjne w studiu nagra\u0144<\/li>\n<li>Amfiteatr Tysi\u0105clecia<\/li>\n<li>Muzeum Wsi Opolskiej w Bierkowicach<\/li>\n<li>obiadokolacja i nocleg<\/li>\n<\/ul>\n<p><strong>3 dzie\u0144:<\/strong><\/p>\n<ul>\n<li>\u015bniadanie i wykwaterowanie<\/li>\n<li>Zamek w Mosznej<\/li>\n<li>G\u00f3ra \u015aw. Anny &#8211; piesze \u015bcie\u017cki, klasztor<\/li>\n<li>powr\u00f3t w godz. wieczornych<\/li>\n<\/ul>\n","protected":false},"excerpt":{"rendered":"<p>1 dzie\u0144: wyjazd ok. godz. 5:00 spacer po mie\u015bcie: Wie\u017ca Piastowska, Aleja Gwiazd, Most Groszowy, Wenecja Opolska Ogr\u00f3d Zoologiczny w Opolu zakwaterowanie, obiadokolacja i nocleg 2 dzie\u0144: \u015bniadanie Muzeum Polskiej Piosenki + warsztaty edukacyjne w studiu nagra\u0144 Amfiteatr Tysi\u0105clecia Muzeum Wsi Opolskiej w Bierkowicach obiadokolacja i nocleg 3 dzie\u0144: \u015bniadanie i wykwaterowanie Zamek w Mosznej&hellip;<\/p>\n","protected":false},"featured_media":1600,"template":"","meta":[],"class_list":["post-1598","product","type-product","status-publish","has-post-thumbnail","hentry","product_cat-ofgrupowe","product_cat-kilkudniowe"],"yoast_head":"<!-- This site is optimized with the Yoast SEO plugin v16.2 - https:\/\/yoast.com\/wordpress\/plugins\/seo\/ -->\n<title>OPOLE - MARK-TRAVEL<\/title>\n<meta name=\"robots\" content=\"index, follow, max-snippet:-1, max-image-preview:large, max-video-preview:-1\" \/>\n<link rel=\"canonical\" href=\"https:\/\/marktravel.pl\/index.php\/produkt\/opole\/\" \/>\n<meta property=\"og:locale\" content=\"pl_PL\" \/>\n<meta property=\"og:type\" content=\"article\" \/>\n<meta property=\"og:title\" content=\"OPOLE - MARK-TRAVEL\" \/>\n<meta property=\"og:description\" content=\"1 dzie\u0144: wyjazd ok. godz. 5:00 spacer po mie\u015bcie: Wie\u017ca Piastowska, Aleja Gwiazd, Most Groszowy, Wenecja Opolska Ogr\u00f3d Zoologiczny w Opolu zakwaterowanie, obiadokolacja i nocleg 2 dzie\u0144: \u015bniadanie Muzeum Polskiej Piosenki + warsztaty edukacyjne w studiu nagra\u0144 Amfiteatr Tysi\u0105clecia Muzeum Wsi Opolskiej w Bierkowicach obiadokolacja i nocleg 3 dzie\u0144: \u015bniadanie i wykwaterowanie Zamek w Mosznej&hellip;\" \/>\n<meta property=\"og:url\" content=\"https:\/\/marktravel.pl\/index.php\/produkt\/opole\/\" \/>\n<meta property=\"og:site_name\" content=\"MARK-TRAVEL\" \/>\n<meta property=\"article:publisher\" content=\"https:\/\/www.facebook.com\/Mark-Travel-272663992791851\/\" \/>\n<meta property=\"article:modified_time\" content=\"2026-03-24T10:41:41+00:00\" \/>\n<meta property=\"og:image\" content=\"https:\/\/marktravel.pl\/wp-content\/uploads\/2026\/03\/slide3.jpg\" \/>\n\t<meta property=\"og:image:width\" content=\"1250\" \/>\n\t<meta property=\"og:image:height\" content=\"500\" \/>\n<meta name=\"twitter:card\" content=\"summary_large_image\" \/>\n<script type=\"application\/ld+json\" class=\"yoast-schema-graph\">{\"@context\":\"https:\/\/schema.org\",\"@graph\":[{\"@type\":\"Organization\",\"@id\":\"https:\/\/marktravel.pl\/#organization\",\"name\":\"Mark Travel\",\"url\":\"https:\/\/marktravel.pl\/\",\"sameAs\":[\"https:\/\/www.facebook.com\/Mark-Travel-272663992791851\/\"],\"logo\":{\"@type\":\"ImageObject\",\"@id\":\"https:\/\/marktravel.pl\/#logo\",\"inLanguage\":\"pl-PL\",\"url\":\"http:\/\/marktravel.pl\/wp-content\/uploads\/2021\/04\/logo.jpg\",\"contentUrl\":\"http:\/\/marktravel.pl\/wp-content\/uploads\/2021\/04\/logo.jpg\",\"width\":274,\"height\":121,\"caption\":\"Mark Travel\"},\"image\":{\"@id\":\"https:\/\/marktravel.pl\/#logo\"}},{\"@type\":\"WebSite\",\"@id\":\"https:\/\/marktravel.pl\/#website\",\"url\":\"https:\/\/marktravel.pl\/\",\"name\":\"MARK-TRAVEL\",\"description\":\"Organizacja wycieczek szkolnych i indywidualnych\",\"publisher\":{\"@id\":\"https:\/\/marktravel.pl\/#organization\"},\"potentialAction\":[{\"@type\":\"SearchAction\",\"target\":\"https:\/\/marktravel.pl\/?s={search_term_string}\",\"query-input\":\"required name=search_term_string\"}],\"inLanguage\":\"pl-PL\"},{\"@type\":\"ImageObject\",\"@id\":\"https:\/\/marktravel.pl\/index.php\/produkt\/opole\/#primaryimage\",\"inLanguage\":\"pl-PL\",\"url\":\"https:\/\/marktravel.pl\/wp-content\/uploads\/2026\/03\/slide3.jpg\",\"contentUrl\":\"https:\/\/marktravel.pl\/wp-content\/uploads\/2026\/03\/slide3.jpg\",\"width\":1250,\"height\":500},{\"@type\":\"WebPage\",\"@id\":\"https:\/\/marktravel.pl\/index.php\/produkt\/opole\/#webpage\",\"url\":\"https:\/\/marktravel.pl\/index.php\/produkt\/opole\/\",\"name\":\"OPOLE - MARK-TRAVEL\",\"isPartOf\":{\"@id\":\"https:\/\/marktravel.pl\/#website\"},\"primaryImageOfPage\":{\"@id\":\"https:\/\/marktravel.pl\/index.php\/produkt\/opole\/#primaryimage\"},\"datePublished\":\"2026-03-24T10:35:31+00:00\",\"dateModified\":\"2026-03-24T10:41:41+00:00\",\"breadcrumb\":{\"@id\":\"https:\/\/marktravel.pl\/index.php\/produkt\/opole\/#breadcrumb\"},\"inLanguage\":\"pl-PL\",\"potentialAction\":[{\"@type\":\"ReadAction\",\"target\":[\"https:\/\/marktravel.pl\/index.php\/produkt\/opole\/\"]}]},{\"@type\":\"BreadcrumbList\",\"@id\":\"https:\/\/marktravel.pl\/index.php\/produkt\/opole\/#breadcrumb\",\"itemListElement\":[{\"@type\":\"ListItem\",\"position\":1,\"item\":{\"@type\":\"WebPage\",\"@id\":\"https:\/\/marktravel.pl\/\",\"url\":\"https:\/\/marktravel.pl\/\",\"name\":\"Strona g\\u0142\\u00f3wna\"}},{\"@type\":\"ListItem\",\"position\":2,\"item\":{\"@type\":\"WebPage\",\"@id\":\"https:\/\/marktravel.pl\/index.php\/sklep\/\",\"url\":\"https:\/\/marktravel.pl\/index.php\/sklep\/\",\"name\":\"Sklep\"}},{\"@type\":\"ListItem\",\"position\":3,\"item\":{\"@id\":\"https:\/\/marktravel.pl\/index.php\/produkt\/opole\/#webpage\"}}]}]}<\/script>\n<!-- \/ Yoast SEO plugin. -->","_links":{"self":[{"href":"https:\/\/marktravel.pl\/index.php\/wp-json\/wp\/v2\/product\/1598","targetHints":{"allow":["GET"]}}],"collection":[{"href":"https:\/\/marktravel.pl\/index.php\/wp-json\/wp\/v2\/product"}],"about":[{"href":"https:\/\/marktravel.pl\/index.php\/wp-json\/wp\/v2\/types\/product"}],"wp:featuredmedia":[{"embeddable":true,"href":"https:\/\/marktravel.pl\/index.php\/wp-json\/wp\/v2\/media\/1600"}],"wp:attachment":[{"href":"https:\/\/marktravel.pl\/index.php\/wp-json\/wp\/v2\/media?parent=1598"}],"curies":[{"name":"wp","href":"https:\/\/api.w.org\/{rel}","templated":true}]}}