{"id":1596,"date":"2026-03-24T10:58:48","date_gmt":"2026-03-24T09:58:48","guid":{"rendered":"https:\/\/marktravel.pl\/?post_type=product&#038;p=1596"},"modified":"2026-03-24T10:58:48","modified_gmt":"2026-03-24T09:58:48","slug":"od-przedszkola-do-opola","status":"publish","type":"product","link":"https:\/\/marktravel.pl\/index.php\/produkt\/od-przedszkola-do-opola\/","title":{"rendered":"OD PRZEDSZKOLA DO OPOLA"},"content":{"rendered":"<ul>\n<li style=\"font-weight: 400;\" aria-level=\"1\"><strong>1 dzie\u0144:<\/strong>\n<ul>\n<li>wyjazd ok. godz. 5:00<\/li>\n<li>spacer po mie\u015bcie: Wie\u017ca Piastowska, Aleja Gwiazd, Most Groszowy, Wenecja Opolska<\/li>\n<li>Muzeum Polskiej Piosenki + warsztaty edukacyjne w studiu nagra\u0144<\/li>\n<li>Amfiteatr Tysi\u0105clecia<\/li>\n<li>zakwaterowanie, obiadokolacja i nocleg<\/li>\n<\/ul>\n<p><strong>2 dzie\u0144:<\/strong><\/p>\n<ul>\n<li>\u015bniadanie i wykwaterowanie<\/li>\n<li>JuraPark &#8211; Park Nauki i Ewolucji Cz\u0142owieka, m.in.: \u015bcie\u017cka z dinozaurami, Prehistoryczne Oceanarium, Ma\u0142pi Gaj, Tunel Czasu<\/li>\n<li>powr\u00f3t w p\u00f3\u017anych godz. wieczornych<\/li>\n<\/ul>\n<\/li>\n<\/ul>\n","protected":false},"excerpt":{"rendered":"<p>1 dzie\u0144: wyjazd ok. godz. 5:00 spacer po mie\u015bcie: Wie\u017ca Piastowska, Aleja Gwiazd, Most Groszowy, Wenecja Opolska Muzeum Polskiej Piosenki + warsztaty edukacyjne w studiu nagra\u0144 Amfiteatr Tysi\u0105clecia zakwaterowanie, obiadokolacja i nocleg 2 dzie\u0144: \u015bniadanie i wykwaterowanie JuraPark &#8211; Park Nauki i Ewolucji Cz\u0142owieka, m.in.: \u015bcie\u017cka z dinozaurami, Prehistoryczne Oceanarium, Ma\u0142pi Gaj, Tunel Czasu powr\u00f3t&hellip;<\/p>\n","protected":false},"featured_media":1597,"template":"","meta":[],"class_list":["post-1596","product","type-product","status-publish","has-post-thumbnail","hentry","product_cat-ofgrupowe","product_cat-kilkudniowe"],"yoast_head":"<!-- This site is optimized with the Yoast SEO plugin v16.2 - https:\/\/yoast.com\/wordpress\/plugins\/seo\/ -->\n<title>OD PRZEDSZKOLA DO OPOLA - MARK-TRAVEL<\/title>\n<meta name=\"robots\" content=\"index, follow, max-snippet:-1, max-image-preview:large, max-video-preview:-1\" \/>\n<link rel=\"canonical\" href=\"https:\/\/marktravel.pl\/index.php\/produkt\/od-przedszkola-do-opola\/\" \/>\n<meta property=\"og:locale\" content=\"pl_PL\" \/>\n<meta property=\"og:type\" content=\"article\" \/>\n<meta property=\"og:title\" content=\"OD PRZEDSZKOLA DO OPOLA - MARK-TRAVEL\" \/>\n<meta property=\"og:description\" content=\"1 dzie\u0144: wyjazd ok. godz. 5:00 spacer po mie\u015bcie: Wie\u017ca Piastowska, Aleja Gwiazd, Most Groszowy, Wenecja Opolska Muzeum Polskiej Piosenki + warsztaty edukacyjne w studiu nagra\u0144 Amfiteatr Tysi\u0105clecia zakwaterowanie, obiadokolacja i nocleg 2 dzie\u0144: \u015bniadanie i wykwaterowanie JuraPark &#8211; Park Nauki i Ewolucji Cz\u0142owieka, m.in.: \u015bcie\u017cka z dinozaurami, Prehistoryczne Oceanarium, Ma\u0142pi Gaj, Tunel Czasu powr\u00f3t&hellip;\" \/>\n<meta property=\"og:url\" content=\"https:\/\/marktravel.pl\/index.php\/produkt\/od-przedszkola-do-opola\/\" \/>\n<meta property=\"og:site_name\" content=\"MARK-TRAVEL\" \/>\n<meta property=\"article:publisher\" content=\"https:\/\/www.facebook.com\/Mark-Travel-272663992791851\/\" \/>\n<meta name=\"twitter:card\" content=\"summary_large_image\" \/>\n<meta name=\"twitter:image\" content=\"https:\/\/marktravel.pl\/wp-content\/uploads\/2026\/03\/co-zwiedac-w-opolu11.avif\" \/>\n<script type=\"application\/ld+json\" class=\"yoast-schema-graph\">{\"@context\":\"https:\/\/schema.org\",\"@graph\":[{\"@type\":\"Organization\",\"@id\":\"https:\/\/marktravel.pl\/#organization\",\"name\":\"Mark Travel\",\"url\":\"https:\/\/marktravel.pl\/\",\"sameAs\":[\"https:\/\/www.facebook.com\/Mark-Travel-272663992791851\/\"],\"logo\":{\"@type\":\"ImageObject\",\"@id\":\"https:\/\/marktravel.pl\/#logo\",\"inLanguage\":\"pl-PL\",\"url\":\"http:\/\/marktravel.pl\/wp-content\/uploads\/2021\/04\/logo.jpg\",\"contentUrl\":\"http:\/\/marktravel.pl\/wp-content\/uploads\/2021\/04\/logo.jpg\",\"width\":274,\"height\":121,\"caption\":\"Mark Travel\"},\"image\":{\"@id\":\"https:\/\/marktravel.pl\/#logo\"}},{\"@type\":\"WebSite\",\"@id\":\"https:\/\/marktravel.pl\/#website\",\"url\":\"https:\/\/marktravel.pl\/\",\"name\":\"MARK-TRAVEL\",\"description\":\"Organizacja wycieczek szkolnych i indywidualnych\",\"publisher\":{\"@id\":\"https:\/\/marktravel.pl\/#organization\"},\"potentialAction\":[{\"@type\":\"SearchAction\",\"target\":\"https:\/\/marktravel.pl\/?s={search_term_string}\",\"query-input\":\"required name=search_term_string\"}],\"inLanguage\":\"pl-PL\"},{\"@type\":\"ImageObject\",\"@id\":\"https:\/\/marktravel.pl\/index.php\/produkt\/od-przedszkola-do-opola\/#primaryimage\",\"inLanguage\":\"pl-PL\",\"url\":\"https:\/\/marktravel.pl\/wp-content\/uploads\/2026\/03\/co-zwiedac-w-opolu11.avif\",\"contentUrl\":\"https:\/\/marktravel.pl\/wp-content\/uploads\/2026\/03\/co-zwiedac-w-opolu11.avif\",\"width\":1024,\"height\":683},{\"@type\":\"WebPage\",\"@id\":\"https:\/\/marktravel.pl\/index.php\/produkt\/od-przedszkola-do-opola\/#webpage\",\"url\":\"https:\/\/marktravel.pl\/index.php\/produkt\/od-przedszkola-do-opola\/\",\"name\":\"OD PRZEDSZKOLA DO OPOLA - MARK-TRAVEL\",\"isPartOf\":{\"@id\":\"https:\/\/marktravel.pl\/#website\"},\"primaryImageOfPage\":{\"@id\":\"https:\/\/marktravel.pl\/index.php\/produkt\/od-przedszkola-do-opola\/#primaryimage\"},\"datePublished\":\"2026-03-24T09:58:48+00:00\",\"dateModified\":\"2026-03-24T09:58:48+00:00\",\"breadcrumb\":{\"@id\":\"https:\/\/marktravel.pl\/index.php\/produkt\/od-przedszkola-do-opola\/#breadcrumb\"},\"inLanguage\":\"pl-PL\",\"potentialAction\":[{\"@type\":\"ReadAction\",\"target\":[\"https:\/\/marktravel.pl\/index.php\/produkt\/od-przedszkola-do-opola\/\"]}]},{\"@type\":\"BreadcrumbList\",\"@id\":\"https:\/\/marktravel.pl\/index.php\/produkt\/od-przedszkola-do-opola\/#breadcrumb\",\"itemListElement\":[{\"@type\":\"ListItem\",\"position\":1,\"item\":{\"@type\":\"WebPage\",\"@id\":\"https:\/\/marktravel.pl\/\",\"url\":\"https:\/\/marktravel.pl\/\",\"name\":\"Strona g\\u0142\\u00f3wna\"}},{\"@type\":\"ListItem\",\"position\":2,\"item\":{\"@type\":\"WebPage\",\"@id\":\"https:\/\/marktravel.pl\/index.php\/sklep\/\",\"url\":\"https:\/\/marktravel.pl\/index.php\/sklep\/\",\"name\":\"Sklep\"}},{\"@type\":\"ListItem\",\"position\":3,\"item\":{\"@id\":\"https:\/\/marktravel.pl\/index.php\/produkt\/od-przedszkola-do-opola\/#webpage\"}}]}]}<\/script>\n<!-- \/ Yoast SEO plugin. -->","_links":{"self":[{"href":"https:\/\/marktravel.pl\/index.php\/wp-json\/wp\/v2\/product\/1596","targetHints":{"allow":["GET"]}}],"collection":[{"href":"https:\/\/marktravel.pl\/index.php\/wp-json\/wp\/v2\/product"}],"about":[{"href":"https:\/\/marktravel.pl\/index.php\/wp-json\/wp\/v2\/types\/product"}],"wp:featuredmedia":[{"embeddable":true,"href":"https:\/\/marktravel.pl\/index.php\/wp-json\/wp\/v2\/media\/1597"}],"wp:attachment":[{"href":"https:\/\/marktravel.pl\/index.php\/wp-json\/wp\/v2\/media?parent=1596"}],"curies":[{"name":"wp","href":"https:\/\/api.w.org\/{rel}","templated":true}]}}