{"id":1591,"date":"2026-03-24T10:42:38","date_gmt":"2026-03-24T09:42:38","guid":{"rendered":"https:\/\/marktravel.pl\/?post_type=product&#038;p=1591"},"modified":"2026-03-24T10:42:38","modified_gmt":"2026-03-24T09:42:38","slug":"gorczanska-przygoda","status":"publish","type":"product","link":"https:\/\/marktravel.pl\/index.php\/produkt\/gorczanska-przygoda\/","title":{"rendered":"GORCZA\u0143SKA PRZYGODA"},"content":{"rendered":"<ul>\n<li style=\"font-weight: 400;\" aria-level=\"1\"><span style=\"font-weight: 400;\">wyjazd ok. godz. 7:00\u00a0<\/span><\/li>\n<li style=\"font-weight: 400;\" aria-level=\"1\">przejazd kolejk\u0105<\/li>\n<li aria-level=\"1\">Park Rozrywki w Naturze &#8220;Brama w Gorce&#8221; &#8211; zwiedzanie m.in. wie\u017ce widokowe, tunel podziemny, zagroda, \u015bcie\u017cka edukacyjna, pawilon edukacyjny<\/li>\n<li aria-level=\"1\">mo\u017cliwo\u015b\u0107 zorganizowania ogniska z pieczeniem kie\u0142basek( opcja dodatkowo p\u0142atna)<\/li>\n<li style=\"font-weight: 400;\" aria-level=\"1\"><span style=\"font-weight: 400;\">powr\u00f3t w godz. popo\u0142udniowych<\/span><\/li>\n<\/ul>\n","protected":false},"excerpt":{"rendered":"<p>wyjazd ok. godz. 7:00\u00a0 przejazd kolejk\u0105 Park Rozrywki w Naturze &#8220;Brama w Gorce&#8221; &#8211; zwiedzanie m.in. wie\u017ce widokowe, tunel podziemny, zagroda, \u015bcie\u017cka edukacyjna, pawilon edukacyjny mo\u017cliwo\u015b\u0107 zorganizowania ogniska z pieczeniem kie\u0142basek( opcja dodatkowo p\u0142atna) powr\u00f3t w godz. popo\u0142udniowych<\/p>\n","protected":false},"featured_media":1593,"template":"","meta":[],"class_list":["post-1591","product","type-product","status-publish","has-post-thumbnail","hentry","product_cat-ofgrupowe","product_cat-jednodniowe"],"yoast_head":"<!-- This site is optimized with the Yoast SEO plugin v16.2 - https:\/\/yoast.com\/wordpress\/plugins\/seo\/ -->\n<title>GORCZA\u0143SKA PRZYGODA - MARK-TRAVEL<\/title>\n<meta name=\"robots\" content=\"index, follow, max-snippet:-1, max-image-preview:large, max-video-preview:-1\" \/>\n<link rel=\"canonical\" href=\"https:\/\/marktravel.pl\/index.php\/produkt\/gorczanska-przygoda\/\" \/>\n<meta property=\"og:locale\" content=\"pl_PL\" \/>\n<meta property=\"og:type\" content=\"article\" \/>\n<meta property=\"og:title\" content=\"GORCZA\u0143SKA PRZYGODA - MARK-TRAVEL\" \/>\n<meta property=\"og:description\" content=\"wyjazd ok. godz. 7:00\u00a0 przejazd kolejk\u0105 Park Rozrywki w Naturze &#8220;Brama w Gorce&#8221; &#8211; zwiedzanie m.in. wie\u017ce widokowe, tunel podziemny, zagroda, \u015bcie\u017cka edukacyjna, pawilon edukacyjny mo\u017cliwo\u015b\u0107 zorganizowania ogniska z pieczeniem kie\u0142basek( opcja dodatkowo p\u0142atna) powr\u00f3t w godz. popo\u0142udniowych\" \/>\n<meta property=\"og:url\" content=\"https:\/\/marktravel.pl\/index.php\/produkt\/gorczanska-przygoda\/\" \/>\n<meta property=\"og:site_name\" content=\"MARK-TRAVEL\" \/>\n<meta property=\"article:publisher\" content=\"https:\/\/www.facebook.com\/Mark-Travel-272663992791851\/\" \/>\n<meta property=\"og:image\" content=\"https:\/\/marktravel.pl\/wp-content\/uploads\/2026\/03\/cm7iys2uf002r0tmihdig3aw4.jpg\" \/>\n\t<meta property=\"og:image:width\" content=\"1680\" \/>\n\t<meta property=\"og:image:height\" content=\"960\" \/>\n<meta name=\"twitter:card\" content=\"summary_large_image\" \/>\n<script type=\"application\/ld+json\" class=\"yoast-schema-graph\">{\"@context\":\"https:\/\/schema.org\",\"@graph\":[{\"@type\":\"Organization\",\"@id\":\"https:\/\/marktravel.pl\/#organization\",\"name\":\"Mark Travel\",\"url\":\"https:\/\/marktravel.pl\/\",\"sameAs\":[\"https:\/\/www.facebook.com\/Mark-Travel-272663992791851\/\"],\"logo\":{\"@type\":\"ImageObject\",\"@id\":\"https:\/\/marktravel.pl\/#logo\",\"inLanguage\":\"pl-PL\",\"url\":\"http:\/\/marktravel.pl\/wp-content\/uploads\/2021\/04\/logo.jpg\",\"contentUrl\":\"http:\/\/marktravel.pl\/wp-content\/uploads\/2021\/04\/logo.jpg\",\"width\":274,\"height\":121,\"caption\":\"Mark Travel\"},\"image\":{\"@id\":\"https:\/\/marktravel.pl\/#logo\"}},{\"@type\":\"WebSite\",\"@id\":\"https:\/\/marktravel.pl\/#website\",\"url\":\"https:\/\/marktravel.pl\/\",\"name\":\"MARK-TRAVEL\",\"description\":\"Organizacja wycieczek szkolnych i indywidualnych\",\"publisher\":{\"@id\":\"https:\/\/marktravel.pl\/#organization\"},\"potentialAction\":[{\"@type\":\"SearchAction\",\"target\":\"https:\/\/marktravel.pl\/?s={search_term_string}\",\"query-input\":\"required name=search_term_string\"}],\"inLanguage\":\"pl-PL\"},{\"@type\":\"ImageObject\",\"@id\":\"https:\/\/marktravel.pl\/index.php\/produkt\/gorczanska-przygoda\/#primaryimage\",\"inLanguage\":\"pl-PL\",\"url\":\"https:\/\/marktravel.pl\/wp-content\/uploads\/2026\/03\/cm7iys2uf002r0tmihdig3aw4.jpg\",\"contentUrl\":\"https:\/\/marktravel.pl\/wp-content\/uploads\/2026\/03\/cm7iys2uf002r0tmihdig3aw4.jpg\",\"width\":1680,\"height\":960},{\"@type\":\"WebPage\",\"@id\":\"https:\/\/marktravel.pl\/index.php\/produkt\/gorczanska-przygoda\/#webpage\",\"url\":\"https:\/\/marktravel.pl\/index.php\/produkt\/gorczanska-przygoda\/\",\"name\":\"GORCZA\\u0143SKA PRZYGODA - MARK-TRAVEL\",\"isPartOf\":{\"@id\":\"https:\/\/marktravel.pl\/#website\"},\"primaryImageOfPage\":{\"@id\":\"https:\/\/marktravel.pl\/index.php\/produkt\/gorczanska-przygoda\/#primaryimage\"},\"datePublished\":\"2026-03-24T09:42:38+00:00\",\"dateModified\":\"2026-03-24T09:42:38+00:00\",\"breadcrumb\":{\"@id\":\"https:\/\/marktravel.pl\/index.php\/produkt\/gorczanska-przygoda\/#breadcrumb\"},\"inLanguage\":\"pl-PL\",\"potentialAction\":[{\"@type\":\"ReadAction\",\"target\":[\"https:\/\/marktravel.pl\/index.php\/produkt\/gorczanska-przygoda\/\"]}]},{\"@type\":\"BreadcrumbList\",\"@id\":\"https:\/\/marktravel.pl\/index.php\/produkt\/gorczanska-przygoda\/#breadcrumb\",\"itemListElement\":[{\"@type\":\"ListItem\",\"position\":1,\"item\":{\"@type\":\"WebPage\",\"@id\":\"https:\/\/marktravel.pl\/\",\"url\":\"https:\/\/marktravel.pl\/\",\"name\":\"Strona g\\u0142\\u00f3wna\"}},{\"@type\":\"ListItem\",\"position\":2,\"item\":{\"@type\":\"WebPage\",\"@id\":\"https:\/\/marktravel.pl\/index.php\/sklep\/\",\"url\":\"https:\/\/marktravel.pl\/index.php\/sklep\/\",\"name\":\"Sklep\"}},{\"@type\":\"ListItem\",\"position\":3,\"item\":{\"@id\":\"https:\/\/marktravel.pl\/index.php\/produkt\/gorczanska-przygoda\/#webpage\"}}]}]}<\/script>\n<!-- \/ Yoast SEO plugin. -->","_links":{"self":[{"href":"https:\/\/marktravel.pl\/index.php\/wp-json\/wp\/v2\/product\/1591","targetHints":{"allow":["GET"]}}],"collection":[{"href":"https:\/\/marktravel.pl\/index.php\/wp-json\/wp\/v2\/product"}],"about":[{"href":"https:\/\/marktravel.pl\/index.php\/wp-json\/wp\/v2\/types\/product"}],"wp:featuredmedia":[{"embeddable":true,"href":"https:\/\/marktravel.pl\/index.php\/wp-json\/wp\/v2\/media\/1593"}],"wp:attachment":[{"href":"https:\/\/marktravel.pl\/index.php\/wp-json\/wp\/v2\/media?parent=1591"}],"curies":[{"name":"wp","href":"https:\/\/api.w.org\/{rel}","templated":true}]}}