{"id":799,"date":"2021-08-15T23:35:25","date_gmt":"2021-08-15T21:35:25","guid":{"rendered":"https:\/\/marktravel.pl\/?page_id=799"},"modified":"2026-02-12T12:25:32","modified_gmt":"2026-02-12T11:25:32","slug":"tarnow-siemiechow","status":"publish","type":"page","link":"https:\/\/marktravel.pl\/index.php\/tarnow-siemiechow\/","title":{"rendered":"Tarn\u00f3w &#8211; Zakliczyn &#8211; Gromnik"},"content":{"rendered":"\n<hr class=\"wp-block-separator has-css-opacity\"\/>\n\n\n\n<p class=\"has-text-align-center\">Rozk\u0142ad jazdy na linii Tarn\u00f3w &#8211; Zakliczyn &#8211; Gromnik <br><a href=\"https:\/\/www.facebook.com\/permalink.php?story_fbid=pfbid02tLM13yQ8YVUJkZhW6CHYAo5yV4VZWHaD5caFzfCFnQefdxoexYXbHbvPr3ySon4Al&amp;id=100057518887243&amp;rdid=1dvwu1f1unKGGMS4#\">(1) Mark-Travel &#8211; Zmiana rozk\u0142adu jazdy na trasie&#8230; | Facebook<\/a><\/p>\n\n\n\n<hr class=\"wp-block-separator has-css-opacity\"\/>\n\n\n\n<div class=\"wp-block-group\"><div class=\"wp-block-group__inner-container is-layout-flow wp-block-group-is-layout-flow\">\n<figure class=\"wp-block-gallery has-nested-images columns-default is-cropped wp-block-gallery-1 is-layout-flex wp-block-gallery-is-layout-flex\">\n<figure class=\"wp-block-image size-large\"><img loading=\"lazy\" decoding=\"async\" width=\"1024\" height=\"724\" data-id=\"1557\" src=\"https:\/\/marktravel.pl\/wp-content\/uploads\/2026\/02\/5.-TARNOW-ZAKLICZYN-GROMNIK-1024x724.jpg\" alt=\"\" class=\"wp-image-1557\" srcset=\"https:\/\/marktravel.pl\/wp-content\/uploads\/2026\/02\/5.-TARNOW-ZAKLICZYN-GROMNIK-1024x724.jpg 1024w, https:\/\/marktravel.pl\/wp-content\/uploads\/2026\/02\/5.-TARNOW-ZAKLICZYN-GROMNIK-300x212.jpg 300w, https:\/\/marktravel.pl\/wp-content\/uploads\/2026\/02\/5.-TARNOW-ZAKLICZYN-GROMNIK-768x543.jpg 768w, https:\/\/marktravel.pl\/wp-content\/uploads\/2026\/02\/5.-TARNOW-ZAKLICZYN-GROMNIK-1536x1086.jpg 1536w, https:\/\/marktravel.pl\/wp-content\/uploads\/2026\/02\/5.-TARNOW-ZAKLICZYN-GROMNIK-600x424.jpg 600w, https:\/\/marktravel.pl\/wp-content\/uploads\/2026\/02\/5.-TARNOW-ZAKLICZYN-GROMNIK-64x45.jpg 64w, https:\/\/marktravel.pl\/wp-content\/uploads\/2026\/02\/5.-TARNOW-ZAKLICZYN-GROMNIK.jpg 1755w\" sizes=\"auto, (max-width: 1024px) 100vw, 1024px\" \/><\/figure>\n\n\n\n<figure class=\"wp-block-image size-large\"><img loading=\"lazy\" decoding=\"async\" width=\"1024\" height=\"724\" data-id=\"1558\" src=\"https:\/\/marktravel.pl\/wp-content\/uploads\/2026\/02\/1.-TARNOW-ZAKLICZYN-GROMNIK-1024x724.jpg\" alt=\"\" class=\"wp-image-1558\" srcset=\"https:\/\/marktravel.pl\/wp-content\/uploads\/2026\/02\/1.-TARNOW-ZAKLICZYN-GROMNIK-1024x724.jpg 1024w, https:\/\/marktravel.pl\/wp-content\/uploads\/2026\/02\/1.-TARNOW-ZAKLICZYN-GROMNIK-300x212.jpg 300w, https:\/\/marktravel.pl\/wp-content\/uploads\/2026\/02\/1.-TARNOW-ZAKLICZYN-GROMNIK-768x543.jpg 768w, https:\/\/marktravel.pl\/wp-content\/uploads\/2026\/02\/1.-TARNOW-ZAKLICZYN-GROMNIK-1536x1086.jpg 1536w, https:\/\/marktravel.pl\/wp-content\/uploads\/2026\/02\/1.-TARNOW-ZAKLICZYN-GROMNIK-600x424.jpg 600w, https:\/\/marktravel.pl\/wp-content\/uploads\/2026\/02\/1.-TARNOW-ZAKLICZYN-GROMNIK-64x45.jpg 64w, https:\/\/marktravel.pl\/wp-content\/uploads\/2026\/02\/1.-TARNOW-ZAKLICZYN-GROMNIK.jpg 1755w\" sizes=\"auto, (max-width: 1024px) 100vw, 1024px\" \/><\/figure>\n\n\n\n<figure class=\"wp-block-image size-large\"><img loading=\"lazy\" decoding=\"async\" width=\"1024\" height=\"724\" data-id=\"1560\" src=\"https:\/\/marktravel.pl\/wp-content\/uploads\/2026\/02\/2.-TARNOW-ZAKLICZYN-GROMNIK-1024x724.jpg\" alt=\"\" class=\"wp-image-1560\" srcset=\"https:\/\/marktravel.pl\/wp-content\/uploads\/2026\/02\/2.-TARNOW-ZAKLICZYN-GROMNIK-1024x724.jpg 1024w, https:\/\/marktravel.pl\/wp-content\/uploads\/2026\/02\/2.-TARNOW-ZAKLICZYN-GROMNIK-300x212.jpg 300w, https:\/\/marktravel.pl\/wp-content\/uploads\/2026\/02\/2.-TARNOW-ZAKLICZYN-GROMNIK-768x543.jpg 768w, https:\/\/marktravel.pl\/wp-content\/uploads\/2026\/02\/2.-TARNOW-ZAKLICZYN-GROMNIK-1536x1086.jpg 1536w, https:\/\/marktravel.pl\/wp-content\/uploads\/2026\/02\/2.-TARNOW-ZAKLICZYN-GROMNIK-600x424.jpg 600w, https:\/\/marktravel.pl\/wp-content\/uploads\/2026\/02\/2.-TARNOW-ZAKLICZYN-GROMNIK-64x45.jpg 64w, https:\/\/marktravel.pl\/wp-content\/uploads\/2026\/02\/2.-TARNOW-ZAKLICZYN-GROMNIK.jpg 1755w\" sizes=\"auto, (max-width: 1024px) 100vw, 1024px\" \/><\/figure>\n\n\n\n<figure class=\"wp-block-image size-large\"><img loading=\"lazy\" decoding=\"async\" width=\"1024\" height=\"724\" data-id=\"1559\" src=\"https:\/\/marktravel.pl\/wp-content\/uploads\/2026\/02\/3.-TARNOW-ZAKLCIZYN-GROMNIK-1024x724.jpg\" alt=\"\" class=\"wp-image-1559\" srcset=\"https:\/\/marktravel.pl\/wp-content\/uploads\/2026\/02\/3.-TARNOW-ZAKLCIZYN-GROMNIK-1024x724.jpg 1024w, https:\/\/marktravel.pl\/wp-content\/uploads\/2026\/02\/3.-TARNOW-ZAKLCIZYN-GROMNIK-300x212.jpg 300w, https:\/\/marktravel.pl\/wp-content\/uploads\/2026\/02\/3.-TARNOW-ZAKLCIZYN-GROMNIK-768x543.jpg 768w, https:\/\/marktravel.pl\/wp-content\/uploads\/2026\/02\/3.-TARNOW-ZAKLCIZYN-GROMNIK-1536x1086.jpg 1536w, https:\/\/marktravel.pl\/wp-content\/uploads\/2026\/02\/3.-TARNOW-ZAKLCIZYN-GROMNIK-600x424.jpg 600w, https:\/\/marktravel.pl\/wp-content\/uploads\/2026\/02\/3.-TARNOW-ZAKLCIZYN-GROMNIK-64x45.jpg 64w, https:\/\/marktravel.pl\/wp-content\/uploads\/2026\/02\/3.-TARNOW-ZAKLCIZYN-GROMNIK.jpg 1755w\" sizes=\"auto, (max-width: 1024px) 100vw, 1024px\" \/><\/figure>\n\n\n\n<figure class=\"wp-block-image size-large\"><img loading=\"lazy\" decoding=\"async\" width=\"1024\" height=\"724\" data-id=\"1561\" src=\"https:\/\/marktravel.pl\/wp-content\/uploads\/2026\/02\/4.-TARNOW-ZAKLICZYN-GROMNIK-1024x724.jpg\" alt=\"\" class=\"wp-image-1561\" srcset=\"https:\/\/marktravel.pl\/wp-content\/uploads\/2026\/02\/4.-TARNOW-ZAKLICZYN-GROMNIK-1024x724.jpg 1024w, https:\/\/marktravel.pl\/wp-content\/uploads\/2026\/02\/4.-TARNOW-ZAKLICZYN-GROMNIK-300x212.jpg 300w, https:\/\/marktravel.pl\/wp-content\/uploads\/2026\/02\/4.-TARNOW-ZAKLICZYN-GROMNIK-768x543.jpg 768w, https:\/\/marktravel.pl\/wp-content\/uploads\/2026\/02\/4.-TARNOW-ZAKLICZYN-GROMNIK-1536x1086.jpg 1536w, https:\/\/marktravel.pl\/wp-content\/uploads\/2026\/02\/4.-TARNOW-ZAKLICZYN-GROMNIK-600x424.jpg 600w, https:\/\/marktravel.pl\/wp-content\/uploads\/2026\/02\/4.-TARNOW-ZAKLICZYN-GROMNIK-64x45.jpg 64w, https:\/\/marktravel.pl\/wp-content\/uploads\/2026\/02\/4.-TARNOW-ZAKLICZYN-GROMNIK.jpg 1755w\" sizes=\"auto, (max-width: 1024px) 100vw, 1024px\" \/><\/figure>\n<\/figure>\n<\/div><\/div>\n\n\n\n<p><\/p>\n","protected":false},"excerpt":{"rendered":"<p>Rozk\u0142ad jazdy na linii Tarn\u00f3w &#8211; Zakliczyn &#8211; Gromnik (1) Mark-Travel &#8211; Zmiana rozk\u0142adu jazdy na trasie&#8230; | Facebook<\/p>\n","protected":false},"author":1,"featured_media":0,"parent":0,"menu_order":0,"comment_status":"closed","ping_status":"closed","template":"","meta":{"footnotes":""},"class_list":["post-799","page","type-page","status-publish","hentry"],"yoast_head":"<!-- This site is optimized with the Yoast SEO plugin v16.2 - https:\/\/yoast.com\/wordpress\/plugins\/seo\/ -->\n<title>Tarn\u00f3w - Zakliczyn - Gromnik - MARK-TRAVEL<\/title>\n<meta name=\"robots\" content=\"index, follow, max-snippet:-1, max-image-preview:large, max-video-preview:-1\" \/>\n<link rel=\"canonical\" href=\"https:\/\/marktravel.pl\/index.php\/tarnow-siemiechow\/\" \/>\n<meta property=\"og:locale\" content=\"pl_PL\" \/>\n<meta property=\"og:type\" content=\"article\" \/>\n<meta property=\"og:title\" content=\"Tarn\u00f3w - Zakliczyn - Gromnik - MARK-TRAVEL\" \/>\n<meta property=\"og:description\" content=\"Rozk\u0142ad jazdy na linii Tarn\u00f3w &#8211; Zakliczyn &#8211; Gromnik (1) Mark-Travel &#8211; Zmiana rozk\u0142adu jazdy na trasie&#8230; | Facebook\" \/>\n<meta property=\"og:url\" content=\"https:\/\/marktravel.pl\/index.php\/tarnow-siemiechow\/\" \/>\n<meta property=\"og:site_name\" content=\"MARK-TRAVEL\" \/>\n<meta property=\"article:publisher\" content=\"https:\/\/www.facebook.com\/Mark-Travel-272663992791851\/\" \/>\n<meta property=\"article:modified_time\" content=\"2026-02-12T11:25:32+00:00\" \/>\n<meta property=\"og:image\" content=\"https:\/\/marktravel.pl\/wp-content\/uploads\/2026\/02\/5.-TARNOW-ZAKLICZYN-GROMNIK-1024x724.jpg\" \/>\n<meta name=\"twitter:card\" content=\"summary_large_image\" \/>\n<meta name=\"twitter:label1\" content=\"Szacowany czas czytania\">\n\t<meta name=\"twitter:data1\" content=\"1 minuta\">\n<script type=\"application\/ld+json\" class=\"yoast-schema-graph\">{\"@context\":\"https:\/\/schema.org\",\"@graph\":[{\"@type\":\"Organization\",\"@id\":\"https:\/\/marktravel.pl\/#organization\",\"name\":\"Mark Travel\",\"url\":\"https:\/\/marktravel.pl\/\",\"sameAs\":[\"https:\/\/www.facebook.com\/Mark-Travel-272663992791851\/\"],\"logo\":{\"@type\":\"ImageObject\",\"@id\":\"https:\/\/marktravel.pl\/#logo\",\"inLanguage\":\"pl-PL\",\"url\":\"http:\/\/marktravel.pl\/wp-content\/uploads\/2021\/04\/logo.jpg\",\"contentUrl\":\"http:\/\/marktravel.pl\/wp-content\/uploads\/2021\/04\/logo.jpg\",\"width\":274,\"height\":121,\"caption\":\"Mark Travel\"},\"image\":{\"@id\":\"https:\/\/marktravel.pl\/#logo\"}},{\"@type\":\"WebSite\",\"@id\":\"https:\/\/marktravel.pl\/#website\",\"url\":\"https:\/\/marktravel.pl\/\",\"name\":\"MARK-TRAVEL\",\"description\":\"Organizacja wycieczek szkolnych i indywidualnych\",\"publisher\":{\"@id\":\"https:\/\/marktravel.pl\/#organization\"},\"potentialAction\":[{\"@type\":\"SearchAction\",\"target\":\"https:\/\/marktravel.pl\/?s={search_term_string}\",\"query-input\":\"required name=search_term_string\"}],\"inLanguage\":\"pl-PL\"},{\"@type\":\"ImageObject\",\"@id\":\"https:\/\/marktravel.pl\/index.php\/tarnow-siemiechow\/#primaryimage\",\"inLanguage\":\"pl-PL\",\"url\":\"https:\/\/marktravel.pl\/wp-content\/uploads\/2026\/02\/5.-TARNOW-ZAKLICZYN-GROMNIK.jpg\",\"contentUrl\":\"https:\/\/marktravel.pl\/wp-content\/uploads\/2026\/02\/5.-TARNOW-ZAKLICZYN-GROMNIK.jpg\",\"width\":1755,\"height\":1241},{\"@type\":\"WebPage\",\"@id\":\"https:\/\/marktravel.pl\/index.php\/tarnow-siemiechow\/#webpage\",\"url\":\"https:\/\/marktravel.pl\/index.php\/tarnow-siemiechow\/\",\"name\":\"Tarn\\u00f3w - Zakliczyn - Gromnik - MARK-TRAVEL\",\"isPartOf\":{\"@id\":\"https:\/\/marktravel.pl\/#website\"},\"primaryImageOfPage\":{\"@id\":\"https:\/\/marktravel.pl\/index.php\/tarnow-siemiechow\/#primaryimage\"},\"datePublished\":\"2021-08-15T21:35:25+00:00\",\"dateModified\":\"2026-02-12T11:25:32+00:00\",\"breadcrumb\":{\"@id\":\"https:\/\/marktravel.pl\/index.php\/tarnow-siemiechow\/#breadcrumb\"},\"inLanguage\":\"pl-PL\",\"potentialAction\":[{\"@type\":\"ReadAction\",\"target\":[\"https:\/\/marktravel.pl\/index.php\/tarnow-siemiechow\/\"]}]},{\"@type\":\"BreadcrumbList\",\"@id\":\"https:\/\/marktravel.pl\/index.php\/tarnow-siemiechow\/#breadcrumb\",\"itemListElement\":[{\"@type\":\"ListItem\",\"position\":1,\"item\":{\"@type\":\"WebPage\",\"@id\":\"https:\/\/marktravel.pl\/\",\"url\":\"https:\/\/marktravel.pl\/\",\"name\":\"Strona g\\u0142\\u00f3wna\"}},{\"@type\":\"ListItem\",\"position\":2,\"item\":{\"@id\":\"https:\/\/marktravel.pl\/index.php\/tarnow-siemiechow\/#webpage\"}}]}]}<\/script>\n<!-- \/ Yoast SEO plugin. -->","_links":{"self":[{"href":"https:\/\/marktravel.pl\/index.php\/wp-json\/wp\/v2\/pages\/799","targetHints":{"allow":["GET"]}}],"collection":[{"href":"https:\/\/marktravel.pl\/index.php\/wp-json\/wp\/v2\/pages"}],"about":[{"href":"https:\/\/marktravel.pl\/index.php\/wp-json\/wp\/v2\/types\/page"}],"author":[{"embeddable":true,"href":"https:\/\/marktravel.pl\/index.php\/wp-json\/wp\/v2\/users\/1"}],"replies":[{"embeddable":true,"href":"https:\/\/marktravel.pl\/index.php\/wp-json\/wp\/v2\/comments?post=799"}],"version-history":[{"count":18,"href":"https:\/\/marktravel.pl\/index.php\/wp-json\/wp\/v2\/pages\/799\/revisions"}],"predecessor-version":[{"id":1563,"href":"https:\/\/marktravel.pl\/index.php\/wp-json\/wp\/v2\/pages\/799\/revisions\/1563"}],"wp:attachment":[{"href":"https:\/\/marktravel.pl\/index.php\/wp-json\/wp\/v2\/media?parent=799"}],"curies":[{"name":"wp","href":"https:\/\/api.w.org\/{rel}","templated":true}]}}