{"id":765,"date":"2021-07-29T20:57:00","date_gmt":"2021-07-29T18:57:00","guid":{"rendered":"https:\/\/marktravel.pl\/?page_id=765"},"modified":"2026-02-12T13:00:54","modified_gmt":"2026-02-12T12:00:54","slug":"wieliczka-polrzeczki","status":"publish","type":"page","link":"https:\/\/marktravel.pl\/index.php\/wieliczka-polrzeczki\/","title":{"rendered":"Mil\u00f3wka-Tarn\u00f3w-Mil\u00f3wka"},"content":{"rendered":"\n<p><a href=\"https:\/\/www.facebook.com\/permalink.php?story_fbid=pfbid02WJG3XPNmfsSyWByAHuU6XJiNKye89ob6ads9PGgNwHHuWG7HfzDau2jbfQiP7kwNl&amp;id=100057518887243&amp;rdid=jLvo62NBynuyG241#\">(1) Mark-Travel &#8211; Zmiana rozk\u0142adu na trasie Mil\u00f3wka-Tarn\u00f3w od 16.02.2026 | Facebook<\/a><\/p>\n\n\n\n<hr class=\"wp-block-separator has-css-opacity\"\/>\n\n\n\n<figure class=\"wp-block-gallery has-nested-images columns-default is-cropped wp-block-gallery-1 is-layout-flex wp-block-gallery-is-layout-flex\">\n<figure class=\"wp-block-image size-large\"><img loading=\"lazy\" decoding=\"async\" width=\"1024\" height=\"724\" data-id=\"1565\" src=\"https:\/\/marktravel.pl\/wp-content\/uploads\/2026\/02\/Milowka-2-1024x724.jpg\" alt=\"\" class=\"wp-image-1565\" srcset=\"https:\/\/marktravel.pl\/wp-content\/uploads\/2026\/02\/Milowka-2-1024x724.jpg 1024w, https:\/\/marktravel.pl\/wp-content\/uploads\/2026\/02\/Milowka-2-300x212.jpg 300w, https:\/\/marktravel.pl\/wp-content\/uploads\/2026\/02\/Milowka-2-768x543.jpg 768w, https:\/\/marktravel.pl\/wp-content\/uploads\/2026\/02\/Milowka-2-1536x1086.jpg 1536w, https:\/\/marktravel.pl\/wp-content\/uploads\/2026\/02\/Milowka-2-600x424.jpg 600w, https:\/\/marktravel.pl\/wp-content\/uploads\/2026\/02\/Milowka-2-64x45.jpg 64w, https:\/\/marktravel.pl\/wp-content\/uploads\/2026\/02\/Milowka-2.jpg 1755w\" sizes=\"auto, (max-width: 1024px) 100vw, 1024px\" \/><\/figure>\n\n\n\n<figure class=\"wp-block-image size-large\"><img loading=\"lazy\" decoding=\"async\" width=\"1024\" height=\"724\" data-id=\"1566\" src=\"https:\/\/marktravel.pl\/wp-content\/uploads\/2026\/02\/Milowka-1-1024x724.jpg\" alt=\"\" class=\"wp-image-1566\" srcset=\"https:\/\/marktravel.pl\/wp-content\/uploads\/2026\/02\/Milowka-1-1024x724.jpg 1024w, https:\/\/marktravel.pl\/wp-content\/uploads\/2026\/02\/Milowka-1-300x212.jpg 300w, https:\/\/marktravel.pl\/wp-content\/uploads\/2026\/02\/Milowka-1-768x543.jpg 768w, https:\/\/marktravel.pl\/wp-content\/uploads\/2026\/02\/Milowka-1-1536x1086.jpg 1536w, https:\/\/marktravel.pl\/wp-content\/uploads\/2026\/02\/Milowka-1-600x424.jpg 600w, https:\/\/marktravel.pl\/wp-content\/uploads\/2026\/02\/Milowka-1-64x45.jpg 64w, https:\/\/marktravel.pl\/wp-content\/uploads\/2026\/02\/Milowka-1.jpg 1755w\" sizes=\"auto, (max-width: 1024px) 100vw, 1024px\" \/><\/figure>\n<\/figure>\n\n\n\n<p class=\"has-text-align-center\"><\/p>\n\n\n\n<div class=\"wp-block-group\"><div class=\"wp-block-group__inner-container is-layout-flow wp-block-group-is-layout-flow\">\n<p><\/p>\n<\/div><\/div>\n\n\n\n<hr class=\"wp-block-separator has-css-opacity\"\/>\n","protected":false},"excerpt":{"rendered":"<p>(1) Mark-Travel &#8211; Zmiana rozk\u0142adu na trasie Mil\u00f3wka-Tarn\u00f3w od 16.02.2026 | Facebook<\/p>\n","protected":false},"author":1,"featured_media":0,"parent":0,"menu_order":0,"comment_status":"closed","ping_status":"closed","template":"","meta":{"footnotes":""},"class_list":["post-765","page","type-page","status-publish","hentry"],"yoast_head":"<!-- This site is optimized with the Yoast SEO plugin v16.2 - https:\/\/yoast.com\/wordpress\/plugins\/seo\/ -->\n<title>Mil\u00f3wka-Tarn\u00f3w-Mil\u00f3wka - MARK-TRAVEL<\/title>\n<meta name=\"robots\" content=\"index, follow, max-snippet:-1, max-image-preview:large, max-video-preview:-1\" \/>\n<link rel=\"canonical\" href=\"https:\/\/marktravel.pl\/index.php\/wieliczka-polrzeczki\/\" \/>\n<meta property=\"og:locale\" content=\"pl_PL\" \/>\n<meta property=\"og:type\" content=\"article\" \/>\n<meta property=\"og:title\" content=\"Mil\u00f3wka-Tarn\u00f3w-Mil\u00f3wka - MARK-TRAVEL\" \/>\n<meta property=\"og:description\" content=\"(1) Mark-Travel &#8211; Zmiana rozk\u0142adu na trasie Mil\u00f3wka-Tarn\u00f3w od 16.02.2026 | Facebook\" \/>\n<meta property=\"og:url\" content=\"https:\/\/marktravel.pl\/index.php\/wieliczka-polrzeczki\/\" \/>\n<meta property=\"og:site_name\" content=\"MARK-TRAVEL\" \/>\n<meta property=\"article:publisher\" content=\"https:\/\/www.facebook.com\/Mark-Travel-272663992791851\/\" \/>\n<meta property=\"article:modified_time\" content=\"2026-02-12T12:00:54+00:00\" \/>\n<meta property=\"og:image\" content=\"https:\/\/marktravel.pl\/wp-content\/uploads\/2026\/02\/Milowka-2-1024x724.jpg\" \/>\n<meta name=\"twitter:card\" content=\"summary_large_image\" \/>\n<meta name=\"twitter:label1\" content=\"Szacowany czas czytania\">\n\t<meta name=\"twitter:data1\" content=\"1 minuta\">\n<script type=\"application\/ld+json\" class=\"yoast-schema-graph\">{\"@context\":\"https:\/\/schema.org\",\"@graph\":[{\"@type\":\"Organization\",\"@id\":\"https:\/\/marktravel.pl\/#organization\",\"name\":\"Mark Travel\",\"url\":\"https:\/\/marktravel.pl\/\",\"sameAs\":[\"https:\/\/www.facebook.com\/Mark-Travel-272663992791851\/\"],\"logo\":{\"@type\":\"ImageObject\",\"@id\":\"https:\/\/marktravel.pl\/#logo\",\"inLanguage\":\"pl-PL\",\"url\":\"http:\/\/marktravel.pl\/wp-content\/uploads\/2021\/04\/logo.jpg\",\"contentUrl\":\"http:\/\/marktravel.pl\/wp-content\/uploads\/2021\/04\/logo.jpg\",\"width\":274,\"height\":121,\"caption\":\"Mark Travel\"},\"image\":{\"@id\":\"https:\/\/marktravel.pl\/#logo\"}},{\"@type\":\"WebSite\",\"@id\":\"https:\/\/marktravel.pl\/#website\",\"url\":\"https:\/\/marktravel.pl\/\",\"name\":\"MARK-TRAVEL\",\"description\":\"Organizacja wycieczek szkolnych i indywidualnych\",\"publisher\":{\"@id\":\"https:\/\/marktravel.pl\/#organization\"},\"potentialAction\":[{\"@type\":\"SearchAction\",\"target\":\"https:\/\/marktravel.pl\/?s={search_term_string}\",\"query-input\":\"required name=search_term_string\"}],\"inLanguage\":\"pl-PL\"},{\"@type\":\"ImageObject\",\"@id\":\"https:\/\/marktravel.pl\/index.php\/wieliczka-polrzeczki\/#primaryimage\",\"inLanguage\":\"pl-PL\",\"url\":\"https:\/\/marktravel.pl\/wp-content\/uploads\/2026\/02\/Milowka-2.jpg\",\"contentUrl\":\"https:\/\/marktravel.pl\/wp-content\/uploads\/2026\/02\/Milowka-2.jpg\",\"width\":1755,\"height\":1241},{\"@type\":\"WebPage\",\"@id\":\"https:\/\/marktravel.pl\/index.php\/wieliczka-polrzeczki\/#webpage\",\"url\":\"https:\/\/marktravel.pl\/index.php\/wieliczka-polrzeczki\/\",\"name\":\"Mil\\u00f3wka-Tarn\\u00f3w-Mil\\u00f3wka - MARK-TRAVEL\",\"isPartOf\":{\"@id\":\"https:\/\/marktravel.pl\/#website\"},\"primaryImageOfPage\":{\"@id\":\"https:\/\/marktravel.pl\/index.php\/wieliczka-polrzeczki\/#primaryimage\"},\"datePublished\":\"2021-07-29T18:57:00+00:00\",\"dateModified\":\"2026-02-12T12:00:54+00:00\",\"breadcrumb\":{\"@id\":\"https:\/\/marktravel.pl\/index.php\/wieliczka-polrzeczki\/#breadcrumb\"},\"inLanguage\":\"pl-PL\",\"potentialAction\":[{\"@type\":\"ReadAction\",\"target\":[\"https:\/\/marktravel.pl\/index.php\/wieliczka-polrzeczki\/\"]}]},{\"@type\":\"BreadcrumbList\",\"@id\":\"https:\/\/marktravel.pl\/index.php\/wieliczka-polrzeczki\/#breadcrumb\",\"itemListElement\":[{\"@type\":\"ListItem\",\"position\":1,\"item\":{\"@type\":\"WebPage\",\"@id\":\"https:\/\/marktravel.pl\/\",\"url\":\"https:\/\/marktravel.pl\/\",\"name\":\"Strona g\\u0142\\u00f3wna\"}},{\"@type\":\"ListItem\",\"position\":2,\"item\":{\"@id\":\"https:\/\/marktravel.pl\/index.php\/wieliczka-polrzeczki\/#webpage\"}}]}]}<\/script>\n<!-- \/ Yoast SEO plugin. -->","_links":{"self":[{"href":"https:\/\/marktravel.pl\/index.php\/wp-json\/wp\/v2\/pages\/765","targetHints":{"allow":["GET"]}}],"collection":[{"href":"https:\/\/marktravel.pl\/index.php\/wp-json\/wp\/v2\/pages"}],"about":[{"href":"https:\/\/marktravel.pl\/index.php\/wp-json\/wp\/v2\/types\/page"}],"author":[{"embeddable":true,"href":"https:\/\/marktravel.pl\/index.php\/wp-json\/wp\/v2\/users\/1"}],"replies":[{"embeddable":true,"href":"https:\/\/marktravel.pl\/index.php\/wp-json\/wp\/v2\/comments?post=765"}],"version-history":[{"count":10,"href":"https:\/\/marktravel.pl\/index.php\/wp-json\/wp\/v2\/pages\/765\/revisions"}],"predecessor-version":[{"id":1567,"href":"https:\/\/marktravel.pl\/index.php\/wp-json\/wp\/v2\/pages\/765\/revisions\/1567"}],"wp:attachment":[{"href":"https:\/\/marktravel.pl\/index.php\/wp-json\/wp\/v2\/media?parent=765"}],"curies":[{"name":"wp","href":"https:\/\/api.w.org\/{rel}","templated":true}]}}