{"id":655,"date":"2021-04-07T23:28:22","date_gmt":"2021-04-07T21:28:22","guid":{"rendered":"http:\/\/marktravel.pl\/?page_id=655"},"modified":"2024-08-13T19:14:49","modified_gmt":"2024-08-13T17:14:49","slug":"autokary","status":"publish","type":"page","link":"https:\/\/marktravel.pl\/index.php\/autokary\/","title":{"rendered":"Autokary"},"content":{"rendered":"\n<hr class=\"wp-block-separator has-css-opacity\"\/>\n\n\n<div class=\"wp-block-image\">\n<figure class=\"alignright size-large is-resized\"><img loading=\"lazy\" decoding=\"async\" width=\"1024\" height=\"768\" src=\"https:\/\/marktravel.pl\/wp-content\/uploads\/2021\/04\/118969198_1529360440585663_8064418642954892164_n-1024x768.jpg\" alt=\"\" class=\"wp-image-289\" style=\"width:493px\" srcset=\"https:\/\/marktravel.pl\/wp-content\/uploads\/2021\/04\/118969198_1529360440585663_8064418642954892164_n-1024x768.jpg 1024w, https:\/\/marktravel.pl\/wp-content\/uploads\/2021\/04\/118969198_1529360440585663_8064418642954892164_n-600x450.jpg 600w, https:\/\/marktravel.pl\/wp-content\/uploads\/2021\/04\/118969198_1529360440585663_8064418642954892164_n-300x225.jpg 300w, https:\/\/marktravel.pl\/wp-content\/uploads\/2021\/04\/118969198_1529360440585663_8064418642954892164_n-768x576.jpg 768w, https:\/\/marktravel.pl\/wp-content\/uploads\/2021\/04\/118969198_1529360440585663_8064418642954892164_n-1536x1152.jpg 1536w, https:\/\/marktravel.pl\/wp-content\/uploads\/2021\/04\/118969198_1529360440585663_8064418642954892164_n-160x120.jpg 160w, https:\/\/marktravel.pl\/wp-content\/uploads\/2021\/04\/118969198_1529360440585663_8064418642954892164_n.jpg 2048w\" sizes=\"auto, (max-width: 1024px) 100vw, 1024px\" \/><\/figure>\n<\/div>\n\n\n<p>Wieloletnie do\u015bwiadczenie, niezb\u0119dne uprawnienia, wykwalifikowani kierowcy oraz flota niezawodnych pojazd\u00f3w \u2013 wszystko to sprawia, \u017ce realizujemy nasze zlecenia profesjonalnie, zapewniaj\u0105c indywidualne podej\u015bcie do ka\u017cdego Klienta. Nasze przewozy autokarowe organizowane s\u0105 dla wszystkich, chc\u0105cych komfortowo, bezpiecznie i w maksymalnie kr\u00f3tkim czasie dotrze\u0107 do celu podr\u00f3\u017cy.<\/p>\n\n\n\n<hr class=\"wp-block-separator has-css-opacity\"\/>\n\n\n\n<p>W naszej flocie posiadamy szerok\u0105 gam\u0119 pojazd\u00f3w przystosowanych do realizacji wszystkich zlece\u0144. W sk\u0142ad naszej floty wchodz\u0105 autobusy i busy od 9 do 71 miejsc. R\u00f3\u017cnorodno\u015b\u0107 floty pozwala nam dostosowa\u0107 dzia\u0142ania do potrzeb i oczekiwa\u0144 Klient\u00f3w. Nasza oferta skierowana jest do firm, instytucji publicznych, szk\u00f3\u0142 oraz os\u00f3b prywatnych.<\/p>\n\n\n\n<hr class=\"wp-block-separator has-css-opacity\"\/>\n\n\n\n<p>Zapraszamy do kontaktu telefonicznego lub mailowego.<\/p>\n\n\n\n<hr class=\"wp-block-separator has-css-opacity\"\/>\n","protected":false},"excerpt":{"rendered":"<p>Wieloletnie do\u015bwiadczenie, niezb\u0119dne uprawnienia, wykwalifikowani kierowcy oraz flota niezawodnych pojazd\u00f3w \u2013 wszystko to sprawia, \u017ce realizujemy nasze zlecenia profesjonalnie, zapewniaj\u0105c indywidualne podej\u015bcie do ka\u017cdego Klienta. Nasze przewozy autokarowe organizowane s\u0105 dla wszystkich, chc\u0105cych komfortowo, bezpiecznie i w maksymalnie kr\u00f3tkim czasie dotrze\u0107 do celu podr\u00f3\u017cy. W naszej flocie posiadamy szerok\u0105 gam\u0119 pojazd\u00f3w przystosowanych do realizacji wszystkich&hellip;<\/p>\n","protected":false},"author":1,"featured_media":0,"parent":0,"menu_order":0,"comment_status":"closed","ping_status":"closed","template":"","meta":{"footnotes":""},"class_list":["post-655","page","type-page","status-publish","hentry"],"yoast_head":"<!-- This site is optimized with the Yoast SEO plugin v16.2 - https:\/\/yoast.com\/wordpress\/plugins\/seo\/ -->\n<title>Autokary - MARK-TRAVEL<\/title>\n<meta name=\"description\" content=\"Wychodz\u0105c naprzeciw oczekiwaniom udost\u0119pniamy naszym klientom us\u0142ug\u0119 wynajmu autokaru. Zach\u0119camy r\u00f3wnie\u017c do przejrzenia aktualnych og\u0142osze\u0144 sprzeda\u017cowych.\" \/>\n<meta name=\"robots\" content=\"index, follow, max-snippet:-1, max-image-preview:large, max-video-preview:-1\" \/>\n<link rel=\"canonical\" href=\"https:\/\/marktravel.pl\/index.php\/autokary\/\" \/>\n<meta property=\"og:locale\" content=\"pl_PL\" \/>\n<meta property=\"og:type\" content=\"article\" \/>\n<meta property=\"og:title\" content=\"Autokary - MARK-TRAVEL\" \/>\n<meta property=\"og:description\" content=\"Wychodz\u0105c naprzeciw oczekiwaniom udost\u0119pniamy naszym klientom us\u0142ug\u0119 wynajmu autokaru. Zach\u0119camy r\u00f3wnie\u017c do przejrzenia aktualnych og\u0142osze\u0144 sprzeda\u017cowych.\" \/>\n<meta property=\"og:url\" content=\"https:\/\/marktravel.pl\/index.php\/autokary\/\" \/>\n<meta property=\"og:site_name\" content=\"MARK-TRAVEL\" \/>\n<meta property=\"article:publisher\" content=\"https:\/\/www.facebook.com\/Mark-Travel-272663992791851\/\" \/>\n<meta property=\"article:modified_time\" content=\"2024-08-13T17:14:49+00:00\" \/>\n<meta property=\"og:image\" content=\"http:\/\/marktravel.pl\/wp-content\/uploads\/2021\/04\/118969198_1529360440585663_8064418642954892164_n-1024x768.jpg\" \/>\n<meta name=\"twitter:card\" content=\"summary_large_image\" \/>\n<meta name=\"twitter:label1\" content=\"Szacowany czas czytania\">\n\t<meta name=\"twitter:data1\" content=\"1 minuta\">\n<script type=\"application\/ld+json\" class=\"yoast-schema-graph\">{\"@context\":\"https:\/\/schema.org\",\"@graph\":[{\"@type\":\"Organization\",\"@id\":\"https:\/\/marktravel.pl\/#organization\",\"name\":\"Mark Travel\",\"url\":\"https:\/\/marktravel.pl\/\",\"sameAs\":[\"https:\/\/www.facebook.com\/Mark-Travel-272663992791851\/\"],\"logo\":{\"@type\":\"ImageObject\",\"@id\":\"https:\/\/marktravel.pl\/#logo\",\"inLanguage\":\"pl-PL\",\"url\":\"http:\/\/marktravel.pl\/wp-content\/uploads\/2021\/04\/logo.jpg\",\"contentUrl\":\"http:\/\/marktravel.pl\/wp-content\/uploads\/2021\/04\/logo.jpg\",\"width\":274,\"height\":121,\"caption\":\"Mark Travel\"},\"image\":{\"@id\":\"https:\/\/marktravel.pl\/#logo\"}},{\"@type\":\"WebSite\",\"@id\":\"https:\/\/marktravel.pl\/#website\",\"url\":\"https:\/\/marktravel.pl\/\",\"name\":\"MARK-TRAVEL\",\"description\":\"Organizacja wycieczek szkolnych i indywidualnych\",\"publisher\":{\"@id\":\"https:\/\/marktravel.pl\/#organization\"},\"potentialAction\":[{\"@type\":\"SearchAction\",\"target\":\"https:\/\/marktravel.pl\/?s={search_term_string}\",\"query-input\":\"required name=search_term_string\"}],\"inLanguage\":\"pl-PL\"},{\"@type\":\"ImageObject\",\"@id\":\"https:\/\/marktravel.pl\/index.php\/autokary\/#primaryimage\",\"inLanguage\":\"pl-PL\",\"url\":\"http:\/\/marktravel.pl\/wp-content\/uploads\/2021\/04\/118969198_1529360440585663_8064418642954892164_n-1024x768.jpg\",\"contentUrl\":\"http:\/\/marktravel.pl\/wp-content\/uploads\/2021\/04\/118969198_1529360440585663_8064418642954892164_n-1024x768.jpg\"},{\"@type\":\"WebPage\",\"@id\":\"https:\/\/marktravel.pl\/index.php\/autokary\/#webpage\",\"url\":\"https:\/\/marktravel.pl\/index.php\/autokary\/\",\"name\":\"Autokary - MARK-TRAVEL\",\"isPartOf\":{\"@id\":\"https:\/\/marktravel.pl\/#website\"},\"primaryImageOfPage\":{\"@id\":\"https:\/\/marktravel.pl\/index.php\/autokary\/#primaryimage\"},\"datePublished\":\"2021-04-07T21:28:22+00:00\",\"dateModified\":\"2024-08-13T17:14:49+00:00\",\"description\":\"Wychodz\\u0105c naprzeciw oczekiwaniom udost\\u0119pniamy naszym klientom us\\u0142ug\\u0119 wynajmu autokaru. Zach\\u0119camy r\\u00f3wnie\\u017c do przejrzenia aktualnych og\\u0142osze\\u0144 sprzeda\\u017cowych.\",\"breadcrumb\":{\"@id\":\"https:\/\/marktravel.pl\/index.php\/autokary\/#breadcrumb\"},\"inLanguage\":\"pl-PL\",\"potentialAction\":[{\"@type\":\"ReadAction\",\"target\":[\"https:\/\/marktravel.pl\/index.php\/autokary\/\"]}]},{\"@type\":\"BreadcrumbList\",\"@id\":\"https:\/\/marktravel.pl\/index.php\/autokary\/#breadcrumb\",\"itemListElement\":[{\"@type\":\"ListItem\",\"position\":1,\"item\":{\"@type\":\"WebPage\",\"@id\":\"https:\/\/marktravel.pl\/\",\"url\":\"https:\/\/marktravel.pl\/\",\"name\":\"Strona g\\u0142\\u00f3wna\"}},{\"@type\":\"ListItem\",\"position\":2,\"item\":{\"@id\":\"https:\/\/marktravel.pl\/index.php\/autokary\/#webpage\"}}]}]}<\/script>\n<!-- \/ Yoast SEO plugin. -->","_links":{"self":[{"href":"https:\/\/marktravel.pl\/index.php\/wp-json\/wp\/v2\/pages\/655","targetHints":{"allow":["GET"]}}],"collection":[{"href":"https:\/\/marktravel.pl\/index.php\/wp-json\/wp\/v2\/pages"}],"about":[{"href":"https:\/\/marktravel.pl\/index.php\/wp-json\/wp\/v2\/types\/page"}],"author":[{"embeddable":true,"href":"https:\/\/marktravel.pl\/index.php\/wp-json\/wp\/v2\/users\/1"}],"replies":[{"embeddable":true,"href":"https:\/\/marktravel.pl\/index.php\/wp-json\/wp\/v2\/comments?post=655"}],"version-history":[{"count":9,"href":"https:\/\/marktravel.pl\/index.php\/wp-json\/wp\/v2\/pages\/655\/revisions"}],"predecessor-version":[{"id":1494,"href":"https:\/\/marktravel.pl\/index.php\/wp-json\/wp\/v2\/pages\/655\/revisions\/1494"}],"wp:attachment":[{"href":"https:\/\/marktravel.pl\/index.php\/wp-json\/wp\/v2\/media?parent=655"}],"curies":[{"name":"wp","href":"https:\/\/api.w.org\/{rel}","templated":true}]}}